{"id":219,"date":"2023-12-18T23:07:37","date_gmt":"2023-12-18T23:07:37","guid":{"rendered":"https:\/\/cuartetoanimus.com\/?page_id=219"},"modified":"2025-06-28T11:00:05","modified_gmt":"2025-06-28T11:00:05","slug":"sobre-nosotros","status":"publish","type":"page","link":"https:\/\/scholarsalcove.com\/es\/sobre-nosotros\/","title":{"rendered":"Sobre nosotros"},"content":{"rendered":"<p>[et_pb_section fb_built=&#8221;1&#8243; next_background_color=&#8221;#ffffff&#8221; admin_label=&#8221;Header&#8221; _builder_version=&#8221;4.27.4&#8243; _module_preset=&#8221;default&#8221; background_image=&#8221;https:\/\/scholarsalcove.com\/wp-content\/uploads\/2025\/05\/Recorte-de-papel-arrugado-azuul.webp&#8221; custom_padding=&#8221;||4vw||false|false&#8221; bottom_divider_style=&#8221;mountains&#8221; bottom_divider_height=&#8221;5vw&#8221; bottom_divider_flip=&#8221;horizontal&#8221; hover_enabled=&#8221;0&#8243; locked=&#8221;off&#8221; global_colors_info=&#8221;{}&#8221; sticky_enabled=&#8221;0&#8243;][et_pb_row column_structure=&#8221;3_5,2_5&#8243; _builder_version=&#8221;4.27.4&#8243; _module_preset=&#8221;default&#8221; custom_margin=&#8221;||||false|false&#8221; hover_enabled=&#8221;0&#8243; global_colors_info=&#8221;{}&#8221; sticky_enabled=&#8221;0&#8243;][et_pb_column type=&#8221;3_5&#8243; _builder_version=&#8221;4.27.4&#8243; _module_preset=&#8221;default&#8221; hover_enabled=&#8221;0&#8243; global_colors_info=&#8221;{}&#8221; sticky_enabled=&#8221;0&#8243;][et_pb_text _builder_version=&#8221;4.27.4&#8243; _module_preset=&#8221;37ecd0c5-bb26-4380-8165-01e95e02d8be&#8221; header_3_font=&#8221;Candal||||||||&#8221; header_3_text_color=&#8221;#FFFFFF&#8221; header_3_line_height=&#8221;1.2em&#8221; background_layout=&#8221;dark&#8221; custom_margin=&#8221;||10px||false|false&#8221; hover_enabled=&#8221;0&#8243; header_font_size_tablet=&#8221;&#8221; header_font_size_phone=&#8221;&#8221; header_font_size_last_edited=&#8221;on|phone&#8221; header_3_font_size_tablet=&#8221;20px&#8221; header_3_font_size_phone=&#8221;16px&#8221; header_3_font_size_last_edited=&#8221;on|desktop&#8221; header_3_line_height_tablet=&#8221;&#8221; header_3_line_height_phone=&#8221;1.4em&#8221; header_3_line_height_last_edited=&#8221;on|phone&#8221; global_colors_info=&#8221;{}&#8221; sticky_enabled=&#8221;0&#8243; header_font_size=&#8221;65px&#8221;]<\/p>\n<h1><span>Sobre nosotros<\/span><\/h1>\n<p>[\/et_pb_text][et_pb_text _builder_version=&#8221;4.27.4&#8243; _module_preset=&#8221;37ecd0c5-bb26-4380-8165-01e95e02d8be&#8221; header_3_font=&#8221;Candal||||||||&#8221; header_3_text_color=&#8221;#FFFFFF&#8221; header_3_line_height=&#8221;1.2em&#8221; background_layout=&#8221;dark&#8221; custom_margin=&#8221;||10px||false|false&#8221; hover_enabled=&#8221;0&#8243; header_font_size_tablet=&#8221;&#8221; header_font_size_phone=&#8221;&#8221; header_font_size_last_edited=&#8221;on|phone&#8221; header_3_font_size_tablet=&#8221;20px&#8221; header_3_font_size_phone=&#8221;16px&#8221; header_3_font_size_last_edited=&#8221;on|desktop&#8221; header_3_line_height_tablet=&#8221;&#8221; header_3_line_height_phone=&#8221;1.4em&#8221; header_3_line_height_last_edited=&#8221;on|phone&#8221; global_colors_info=&#8221;{}&#8221; sticky_enabled=&#8221;0&#8243;]<\/p>\n<h3><span>Academic excellence with a human, personalised approach<\/span><\/h3>\n<p>[\/et_pb_text][et_pb_image src=&#8221;https:\/\/scholarsalcove.com\/wp-content\/uploads\/2025\/05\/online-classroom-02.png&#8221; title_text=&#8221;online-classroom-02&#8243; _builder_version=&#8221;4.16&#8243; _module_preset=&#8221;default&#8221; custom_margin=&#8221;||||false|false&#8221; locked=&#8221;off&#8221; global_colors_info=&#8221;{}&#8221;][\/et_pb_image][\/et_pb_column][et_pb_column type=&#8221;2_5&#8243; _builder_version=&#8221;4.16&#8243; _module_preset=&#8221;default&#8221; global_colors_info=&#8221;{}&#8221;][et_pb_image src=&#8221;https:\/\/scholarsalcove.com\/wp-content\/uploads\/2025\/05\/material-laboratorio-biologia.webp&#8221; alt=&#8221;Frascos de vidrio y portaobjetos de laboratorio sobre fondo met\u00e1lico<\/p>\n<p>&#8221; title_text=&#8221;Materiales de laboratorio: frascos Erlenmeyer y portaobjetos&#8221; _builder_version=&#8221;4.27.4&#8243; _module_preset=&#8221;default&#8221; max_height_tablet=&#8221;200px&#8221; max_height_phone=&#8221;100px&#8221; max_height_last_edited=&#8221;on|tablet&#8221; custom_margin=&#8221;|-8vw|-8vw||false|false&#8221; custom_margin_tablet=&#8221;|0vw|||false|false&#8221; custom_margin_phone=&#8221;&#8221; custom_margin_last_edited=&#8221;on|tablet&#8221; locked=&#8221;off&#8221; global_colors_info=&#8221;{}&#8221;][\/et_pb_image][\/et_pb_column][\/et_pb_row][\/et_pb_section][et_pb_section fb_built=&#8221;1&#8243; admin_label=&#8221;Blog&#8221; _builder_version=&#8221;4.16&#8243; _module_preset=&#8221;default&#8221; custom_padding=&#8221;48px||91px||false|false&#8221; global_colors_info=&#8221;{}&#8221;][et_pb_row column_structure=&#8221;1_3,2_3&#8243; _builder_version=&#8221;4.16&#8243; _module_preset=&#8221;default&#8221; global_colors_info=&#8221;{}&#8221;][et_pb_column type=&#8221;1_3&#8243; _builder_version=&#8221;4.16&#8243; _module_preset=&#8221;default&#8221; global_colors_info=&#8221;{}&#8221;][et_pb_text _builder_version=&#8221;4.27.4&#8243; _module_preset=&#8221;a14a3070-0f27-4166-b303-92f53a7af324&#8243; header_2_font=&#8221;Candal||||||||&#8221; header_2_text_color=&#8221;#000000&#8243; header_2_font_size=&#8221;42px&#8221; header_2_line_height=&#8221;1.2em&#8221; hover_enabled=&#8221;0&#8243; header_2_font_size_tablet=&#8221;30px&#8221; header_2_font_size_phone=&#8221;20px&#8221; header_2_font_size_last_edited=&#8221;on|tablet&#8221; global_colors_info=&#8221;{}&#8221; sticky_enabled=&#8221;0&#8243;]<\/p>\n<h2>Expert Biology Tutoring<\/h2>\n<p>[\/et_pb_text][\/et_pb_column][et_pb_column type=&#8221;2_3&#8243; _builder_version=&#8221;4.16&#8243; _module_preset=&#8221;default&#8221; global_colors_info=&#8221;{}&#8221;][et_pb_text _builder_version=&#8221;4.27.4&#8243; _module_preset=&#8221;85ec5774-0b51-4075-9641-4e0e2e6ea9dd&#8221; text_font=&#8221;Montserrat|500|||||||&#8221; text_text_color=&#8221;rgba(0,0,0,0.6)&#8221; text_font_size=&#8221;16px&#8221; text_line_height=&#8221;1.8em&#8221; text_font_size_tablet=&#8221;15px&#8221; text_font_size_phone=&#8221;14px&#8221; text_font_size_last_edited=&#8221;on|desktop&#8221; global_colors_info=&#8221;{}&#8221;]<\/p>\n<p>Scholars Alcove is an educational hub devoted to advanced biology, created for students who want more than just a passing grade\u2014they aim to understand, dig deeper, and excel.<\/p>\n<p>We deliver 100 % online instruction to students worldwide, including the UK, the United States, Asia, and Europe. We specialise in A-level, AP, and university-level courses with a clear focus: tailor-made classes, rigorous academic standards, and tangible results.<\/p>\n<p>[\/et_pb_text][\/et_pb_column][\/et_pb_row][\/et_pb_section][et_pb_section fb_built=&#8221;1&#8243; admin_label=&#8221;Blog&#8221; _builder_version=&#8221;4.16&#8243; _module_preset=&#8221;default&#8221; custom_padding=&#8221;0px||31px||false|false&#8221; global_colors_info=&#8221;{}&#8221;][et_pb_row column_structure=&#8221;1_3,2_3&#8243; _builder_version=&#8221;4.16&#8243; _module_preset=&#8221;default&#8221; global_colors_info=&#8221;{}&#8221;][et_pb_column type=&#8221;1_3&#8243; _builder_version=&#8221;4.16&#8243; _module_preset=&#8221;default&#8221; global_colors_info=&#8221;{}&#8221;][et_pb_text _builder_version=&#8221;4.27.4&#8243; _module_preset=&#8221;a14a3070-0f27-4166-b303-92f53a7af324&#8243; header_2_font=&#8221;Candal||||||||&#8221; header_2_text_color=&#8221;#000000&#8243; header_2_font_size=&#8221;42px&#8221; header_2_line_height=&#8221;1.2em&#8221; hover_enabled=&#8221;0&#8243; header_2_font_size_tablet=&#8221;30px&#8221; header_2_font_size_phone=&#8221;20px&#8221; header_2_font_size_last_edited=&#8221;on|tablet&#8221; global_colors_info=&#8221;{}&#8221; sticky_enabled=&#8221;0&#8243;]<\/p>\n<h2><span>Our philosophy<\/span><\/h2>\n<p>[\/et_pb_text][\/et_pb_column][et_pb_column type=&#8221;2_3&#8243; _builder_version=&#8221;4.16&#8243; _module_preset=&#8221;default&#8221; global_colors_info=&#8221;{}&#8221;][et_pb_text _builder_version=&#8221;4.27.4&#8243; _module_preset=&#8221;85ec5774-0b51-4075-9641-4e0e2e6ea9dd&#8221; text_font=&#8221;Montserrat|500|||||||&#8221; text_text_color=&#8221;rgba(0,0,0,0.6)&#8221; text_font_size=&#8221;16px&#8221; text_line_height=&#8221;1.8em&#8221; text_font_size_tablet=&#8221;15px&#8221; text_font_size_phone=&#8221;14px&#8221; text_font_size_last_edited=&#8221;on|desktop&#8221; global_colors_info=&#8221;{}&#8221;]<\/p>\n<p>We believe science education should never feel impersonal or be confined to the syllabus. That\u2019s why, at Scholars Alcove:<\/p>\n<p>We spark curiosity in biology through projects, debates, and guided exploration.<br \/>We nurture cross-cutting skills such as analytical thinking, clear communication, and knowledge management.<\/p>\n<p>We accompany students every step of the way with dynamic sessions, high-quality resources, and continuous feedback.<\/p>\n<p>[\/et_pb_text][\/et_pb_column][\/et_pb_row][\/et_pb_section][et_pb_section fb_built=&#8221;1&#8243; admin_label=&#8221;Feature&#8221; _builder_version=&#8221;4.16&#8243; _module_preset=&#8221;default&#8221; custom_padding=&#8221;||6px|||&#8221; locked=&#8221;off&#8221; global_colors_info=&#8221;{}&#8221;][et_pb_row column_structure=&#8221;1_2,1_2&#8243; _builder_version=&#8221;4.27.4&#8243; _module_preset=&#8221;default&#8221; custom_margin=&#8221;|auto|64px|auto||&#8221; global_colors_info=&#8221;{}&#8221;][et_pb_column type=&#8221;1_2&#8243; _builder_version=&#8221;4.16&#8243; _module_preset=&#8221;default&#8221; global_colors_info=&#8221;{}&#8221;][et_pb_image src=&#8221;https:\/\/scholarsalcove.com\/wp-content\/uploads\/2025\/05\/Estudio-moderno-de-biologia-para-Scholars-Alcove.webp&#8221; alt=&#8221;Collage educativo con tablet, c\u00e9lula digital, aud\u00edfonos y microscopio&#8221; title_text=&#8221;Estudio moderno de biolog\u00eda para Scholars Alcove&#8221; _builder_version=&#8221;4.27.4&#8243; _module_preset=&#8221;default&#8221; custom_margin=&#8221;-12vw|||-10vw|false|false&#8221; custom_margin_tablet=&#8221;0vw|||0vw|false|false&#8221; custom_margin_phone=&#8221;&#8221; custom_margin_last_edited=&#8221;on|tablet&#8221; global_colors_info=&#8221;{}&#8221;][\/et_pb_image][\/et_pb_column][et_pb_column type=&#8221;1_2&#8243; _builder_version=&#8221;4.16&#8243; _module_preset=&#8221;default&#8221; global_colors_info=&#8221;{}&#8221;][et_pb_text _builder_version=&#8221;4.27.4&#8243; _module_preset=&#8221;a14a3070-0f27-4166-b303-92f53a7af324&#8243; header_2_font=&#8221;Candal||||||||&#8221; header_2_text_color=&#8221;#000000&#8243; header_2_font_size=&#8221;42px&#8221; header_2_line_height=&#8221;1.2em&#8221; custom_margin=&#8221;||10px||false|false&#8221; header_2_font_size_tablet=&#8221;30px&#8221; header_2_font_size_phone=&#8221;20px&#8221; header_2_font_size_last_edited=&#8221;on|tablet&#8221; global_colors_info=&#8221;{}&#8221;]<\/p>\n<h2><span>What sets us apart<\/span><\/h2>\n<p>[\/et_pb_text][et_pb_image src=&#8221;https:\/\/scholarsalcove.com\/wp-content\/uploads\/2025\/05\/online-classroom-03.png&#8221; title_text=&#8221;online-classroom-03&#8243; _builder_version=&#8221;4.27.4&#8243; _module_preset=&#8221;default&#8221; global_colors_info=&#8221;{}&#8221;][\/et_pb_image][et_pb_text _builder_version=&#8221;4.27.4&#8243; _module_preset=&#8221;85ec5774-0b51-4075-9641-4e0e2e6ea9dd&#8221; text_font=&#8221;Montserrat|500|||||||&#8221; text_text_color=&#8221;rgba(0,0,0,0.6)&#8221; text_font_size=&#8221;16px&#8221; text_line_height=&#8221;1.8em&#8221; hover_enabled=&#8221;0&#8243; text_font_size_tablet=&#8221;15px&#8221; text_font_size_phone=&#8221;14px&#8221; text_font_size_last_edited=&#8221;on|desktop&#8221; global_colors_info=&#8221;{}&#8221; sticky_enabled=&#8221;0&#8243;]<\/p>\n<p><strong>Elite tutoring<\/strong> \u2013 Every program is designed and delivered by PhD-qualified instructors with international research experience.<\/p>\n<p><strong data-start=\"133\" data-end=\"153\">One-to-one model<\/strong><span> \u2013 Each student receives personalised attention, adapted to their level, learning pace, and specific goals.<\/span><\/p>\n<p><strong>Active methodology<\/strong> \u2013 We encourage critical thinking, scientific reasoning, and intellectual independence.<\/p>\n<p><strong data-start=\"377\" data-end=\"400\">Global track record<\/strong><span> \u2013 Our students come from a wide range of educational systems, and many have been admitted to top-tier universities.<\/span><\/p>\n<p>[\/et_pb_text][\/et_pb_column][\/et_pb_row][\/et_pb_section][et_pb_section fb_built=&#8221;1&#8243; admin_label=&#8221;Testimonial&#8221; _builder_version=&#8221;4.16&#8243; _module_preset=&#8221;default&#8221; custom_padding=&#8221;||83px|||&#8221; global_colors_info=&#8221;{}&#8221;][et_pb_row _builder_version=&#8221;4.16&#8243; _module_preset=&#8221;default&#8221; max_width=&#8221;900px&#8221; global_colors_info=&#8221;{}&#8221;][et_pb_column type=&#8221;4_4&#8243; _builder_version=&#8221;4.16&#8243; _module_preset=&#8221;default&#8221; global_colors_info=&#8221;{}&#8221;][et_pb_text _builder_version=&#8221;4.27.4&#8243; _module_preset=&#8221;default&#8221; text_font=&#8221;Montserrat|500|||||||&#8221; text_text_color=&#8221;#2a2a2a&#8221; text_font_size=&#8221;30px&#8221; text_line_height=&#8221;1.4em&#8221; hover_enabled=&#8221;0&#8243; text_font_size_tablet=&#8221;20px&#8221; text_font_size_phone=&#8221;16px&#8221; text_font_size_last_edited=&#8221;on|phone&#8221; text_line_height_tablet=&#8221;1.6em&#8221; text_line_height_phone=&#8221;1.8em&#8221; text_line_height_last_edited=&#8221;on|phone&#8221; global_colors_info=&#8221;{}&#8221; sticky_enabled=&#8221;0&#8243;]<\/p>\n<p>More than a tutoring center, we\u2019re a learning alcove\u2014a place where science is studied in depth and lived with passion.<\/p>\n<p>[\/et_pb_text][\/et_pb_column][\/et_pb_row][\/et_pb_section]<\/p>","protected":false},"excerpt":{"rendered":"<p>About UsAcademic excellence with a human, personalised approachExpert Biology TutoringScholars Alcove is an educational hub devoted to advanced biology, created for students who want more than just a passing grade\u2014they aim to understand, dig deeper, and excel. We deliver 100 % online instruction to students worldwide, including the UK, the United States, Asia, and Europe. [&hellip;]<\/p>","protected":false},"author":1,"featured_media":0,"parent":0,"menu_order":0,"comment_status":"closed","ping_status":"closed","template":"","meta":{"_et_pb_use_builder":"on","_et_pb_old_content":"","_et_gb_content_width":"","_joinchat":[],"footnotes":""},"class_list":["post-219","page","type-page","status-publish","hentry"],"yoast_head":"<!-- This site is optimized with the Yoast SEO plugin v26.1.1 - https:\/\/yoast.com\/wordpress\/plugins\/seo\/ -->\n<title>Sobre nosotros - Tutor&iacute;a de Biolog&iacute;a con expertos de Oxford y Cambridge<\/title>\n<meta name=\"robots\" content=\"index, follow, max-snippet:-1, max-image-preview:large, max-video-preview:-1\" \/>\n<link rel=\"canonical\" href=\"https:\/\/scholarsalcove.com\/es\/sobre-nosotros\/\" \/>\n<meta property=\"og:locale\" content=\"es_ES\" \/>\n<meta property=\"og:type\" content=\"article\" \/>\n<meta property=\"og:title\" content=\"Sobre nosotros - Tutor&iacute;a de Biolog&iacute;a con expertos de Oxford y Cambridge\" \/>\n<meta property=\"og:description\" content=\"About UsAcademic excellence with a human, personalised approachExpert Biology TutoringScholars Alcove is an educational hub devoted to advanced biology, created for students who want more than just a passing grade\u2014they aim to understand, dig deeper, and excel. We deliver 100 % online instruction to students worldwide, including the UK, the United States, Asia, and Europe. [&hellip;]\" \/>\n<meta property=\"og:url\" content=\"https:\/\/scholarsalcove.com\/es\/sobre-nosotros\/\" \/>\n<meta property=\"og:site_name\" content=\"Tutor&iacute;a de Biolog&iacute;a con expertos de Oxford y Cambridge\" \/>\n<meta property=\"article:modified_time\" content=\"2025-06-28T11:00:05+00:00\" \/>\n<meta name=\"twitter:card\" content=\"summary_large_image\" \/>\n<meta name=\"twitter:label1\" content=\"Tiempo de lectura\" \/>\n\t<meta name=\"twitter:data1\" content=\"7 minutos\" \/>\n<script type=\"application\/ld+json\" class=\"yoast-schema-graph\">{\"@context\":\"https:\/\/schema.org\",\"@graph\":[{\"@type\":\"WebPage\",\"@id\":\"https:\/\/scholarsalcove.com\/sobre-nosotros\/\",\"url\":\"https:\/\/scholarsalcove.com\/sobre-nosotros\/\",\"name\":\"Sobre nosotros - Tutor&iacute;a de Biolog&iacute;a con expertos de Oxford y Cambridge\",\"isPartOf\":{\"@id\":\"https:\/\/scholarsalcove.com\/#website\"},\"datePublished\":\"2023-12-18T23:07:37+00:00\",\"dateModified\":\"2025-06-28T11:00:05+00:00\",\"breadcrumb\":{\"@id\":\"https:\/\/scholarsalcove.com\/sobre-nosotros\/#breadcrumb\"},\"inLanguage\":\"es\",\"potentialAction\":[{\"@type\":\"ReadAction\",\"target\":[\"https:\/\/scholarsalcove.com\/sobre-nosotros\/\"]}]},{\"@type\":\"BreadcrumbList\",\"@id\":\"https:\/\/scholarsalcove.com\/sobre-nosotros\/#breadcrumb\",\"itemListElement\":[{\"@type\":\"ListItem\",\"position\":1,\"name\":\"Portada\",\"item\":\"https:\/\/scholarsalcove.com\/\"},{\"@type\":\"ListItem\",\"position\":2,\"name\":\"Sobre nosotros\"}]},{\"@type\":\"WebSite\",\"@id\":\"https:\/\/scholarsalcove.com\/#website\",\"url\":\"https:\/\/scholarsalcove.com\/\",\"name\":\"Cuarteto Animus\",\"description\":\"Clases online personalizadas para A-level, AP y nivel universitario. Aprende biolog&iacute;a con tutores con doctorado de Oxford y Cambridge.\",\"publisher\":{\"@id\":\"https:\/\/scholarsalcove.com\/#organization\"},\"potentialAction\":[{\"@type\":\"SearchAction\",\"target\":{\"@type\":\"EntryPoint\",\"urlTemplate\":\"https:\/\/scholarsalcove.com\/?s={search_term_string}\"},\"query-input\":{\"@type\":\"PropertyValueSpecification\",\"valueRequired\":true,\"valueName\":\"search_term_string\"}}],\"inLanguage\":\"es\"},{\"@type\":\"Organization\",\"@id\":\"https:\/\/scholarsalcove.com\/#organization\",\"name\":\"Cuarteto Animus\",\"url\":\"https:\/\/scholarsalcove.com\/\",\"logo\":{\"@type\":\"ImageObject\",\"inLanguage\":\"es\",\"@id\":\"https:\/\/scholarsalcove.com\/#\/schema\/logo\/image\/\",\"url\":\"https:\/\/scholarsalcove.com\/wp-content\/uploads\/2025\/04\/imagotipo-cuarteto-animus-logo.webp\",\"contentUrl\":\"https:\/\/scholarsalcove.com\/wp-content\/uploads\/2025\/04\/imagotipo-cuarteto-animus-logo.webp\",\"width\":784,\"height\":374,\"caption\":\"Cuarteto Animus\"},\"image\":{\"@id\":\"https:\/\/scholarsalcove.com\/#\/schema\/logo\/image\/\"},\"sameAs\":[\"https:\/\/www.instagram.com\/cuarteto.animus\/\"]}]}<\/script>\n<!-- \/ Yoast SEO plugin. -->","yoast_head_json":{"title":"Sobre nosotros - Tutor&iacute;a de Biolog&iacute;a con expertos de Oxford y Cambridge","robots":{"index":"index","follow":"follow","max-snippet":"max-snippet:-1","max-image-preview":"max-image-preview:large","max-video-preview":"max-video-preview:-1"},"canonical":"https:\/\/scholarsalcove.com\/es\/sobre-nosotros\/","og_locale":"es_ES","og_type":"article","og_title":"Sobre nosotros - Tutor&iacute;a de Biolog&iacute;a con expertos de Oxford y Cambridge","og_description":"About UsAcademic excellence with a human, personalised approachExpert Biology TutoringScholars Alcove is an educational hub devoted to advanced biology, created for students who want more than just a passing grade\u2014they aim to understand, dig deeper, and excel. We deliver 100 % online instruction to students worldwide, including the UK, the United States, Asia, and Europe. [&hellip;]","og_url":"https:\/\/scholarsalcove.com\/es\/sobre-nosotros\/","og_site_name":"Tutor&iacute;a de Biolog&iacute;a con expertos de Oxford y Cambridge","article_modified_time":"2025-06-28T11:00:05+00:00","twitter_card":"summary_large_image","twitter_misc":{"Tiempo de lectura":"7 minutos"},"schema":{"@context":"https:\/\/schema.org","@graph":[{"@type":"WebPage","@id":"https:\/\/scholarsalcove.com\/sobre-nosotros\/","url":"https:\/\/scholarsalcove.com\/sobre-nosotros\/","name":"Sobre nosotros - Tutor&iacute;a de Biolog&iacute;a con expertos de Oxford y Cambridge","isPartOf":{"@id":"https:\/\/scholarsalcove.com\/#website"},"datePublished":"2023-12-18T23:07:37+00:00","dateModified":"2025-06-28T11:00:05+00:00","breadcrumb":{"@id":"https:\/\/scholarsalcove.com\/sobre-nosotros\/#breadcrumb"},"inLanguage":"es","potentialAction":[{"@type":"ReadAction","target":["https:\/\/scholarsalcove.com\/sobre-nosotros\/"]}]},{"@type":"BreadcrumbList","@id":"https:\/\/scholarsalcove.com\/sobre-nosotros\/#breadcrumb","itemListElement":[{"@type":"ListItem","position":1,"name":"Portada","item":"https:\/\/scholarsalcove.com\/"},{"@type":"ListItem","position":2,"name":"Sobre nosotros"}]},{"@type":"WebSite","@id":"https:\/\/scholarsalcove.com\/#website","url":"https:\/\/scholarsalcove.com\/","name":"Cuarteto Animus","description":"Clases online personalizadas para A-level, AP y nivel universitario. Aprende biolog&iacute;a con tutores con doctorado de Oxford y Cambridge.","publisher":{"@id":"https:\/\/scholarsalcove.com\/#organization"},"potentialAction":[{"@type":"SearchAction","target":{"@type":"EntryPoint","urlTemplate":"https:\/\/scholarsalcove.com\/?s={search_term_string}"},"query-input":{"@type":"PropertyValueSpecification","valueRequired":true,"valueName":"search_term_string"}}],"inLanguage":"es"},{"@type":"Organization","@id":"https:\/\/scholarsalcove.com\/#organization","name":"Cuarteto Animus","url":"https:\/\/scholarsalcove.com\/","logo":{"@type":"ImageObject","inLanguage":"es","@id":"https:\/\/scholarsalcove.com\/#\/schema\/logo\/image\/","url":"https:\/\/scholarsalcove.com\/wp-content\/uploads\/2025\/04\/imagotipo-cuarteto-animus-logo.webp","contentUrl":"https:\/\/scholarsalcove.com\/wp-content\/uploads\/2025\/04\/imagotipo-cuarteto-animus-logo.webp","width":784,"height":374,"caption":"Cuarteto Animus"},"image":{"@id":"https:\/\/scholarsalcove.com\/#\/schema\/logo\/image\/"},"sameAs":["https:\/\/www.instagram.com\/cuarteto.animus\/"]}]}},"_links":{"self":[{"href":"https:\/\/scholarsalcove.com\/es\/wp-json\/wp\/v2\/pages\/219","targetHints":{"allow":["GET"]}}],"collection":[{"href":"https:\/\/scholarsalcove.com\/es\/wp-json\/wp\/v2\/pages"}],"about":[{"href":"https:\/\/scholarsalcove.com\/es\/wp-json\/wp\/v2\/types\/page"}],"author":[{"embeddable":true,"href":"https:\/\/scholarsalcove.com\/es\/wp-json\/wp\/v2\/users\/1"}],"replies":[{"embeddable":true,"href":"https:\/\/scholarsalcove.com\/es\/wp-json\/wp\/v2\/comments?post=219"}],"version-history":[{"count":24,"href":"https:\/\/scholarsalcove.com\/es\/wp-json\/wp\/v2\/pages\/219\/revisions"}],"predecessor-version":[{"id":278780,"href":"https:\/\/scholarsalcove.com\/es\/wp-json\/wp\/v2\/pages\/219\/revisions\/278780"}],"wp:attachment":[{"href":"https:\/\/scholarsalcove.com\/es\/wp-json\/wp\/v2\/media?parent=219"}],"curies":[{"name":"wp","href":"https:\/\/api.w.org\/{rel}","templated":true}]}}