{"id":277814,"date":"2024-02-01T03:10:06","date_gmt":"2024-02-01T03:10:06","guid":{"rendered":"https:\/\/cuartetoanimus.com\/?page_id=277814"},"modified":"2025-05-15T09:13:39","modified_gmt":"2025-05-15T09:13:39","slug":"politica-de-cookies","status":"publish","type":"page","link":"https:\/\/scholarsalcove.com\/es\/politica-de-cookies\/","title":{"rendered":"Pol\u00edtica de cookies"},"content":{"rendered":"<p>[et_pb_section fb_built=&#8221;1&#8243; _builder_version=&#8221;4.27.4&#8243; _module_preset=&#8221;default&#8221; background_color=&#8221;#1864D3&#8243; custom_padding=&#8221;0px||0px||true|false&#8221; saved_tabs=&#8221;all&#8221; locked=&#8221;off&#8221; global_colors_info=&#8221;{}&#8221;][et_pb_row _builder_version=&#8221;4.24.0&#8243; _module_preset=&#8221;default&#8221; custom_padding=&#8221;95px|||||&#8221; global_colors_info=&#8221;{}&#8221;][et_pb_column type=&#8221;4_4&#8243; _builder_version=&#8221;4.24.0&#8243; _module_preset=&#8221;default&#8221; global_colors_info=&#8221;{}&#8221;][dsm_text_notation before_text=&#8221;Pol\u00edtica de &#8221; notation_text=&#8221;Cookies&#8221; notation_color=&#8221;#1EAF5C&#8221; notation_width=&#8221;2&#8243; notation_iterations=&#8221;4&#8243; notation_padding=&#8221;||7px||false|false&#8221; _builder_version=&#8221;4.27.4&#8243; _module_preset=&#8221;default&#8221; header_font=&#8221;Libre Franklin|600|||||||&#8221; header_text_color=&#8221;#353535&#8243; header_font_size=&#8221;45px&#8221; before_text_color=&#8221;#FFFFFF&#8221; notation_font=&#8221;|700|||||||&#8221; notation_text_color=&#8221;#1EAF5C&#8221; custom_margin=&#8221;||43px||false|false&#8221; hover_enabled=&#8221;0&#8243; border_color_all_before=&#8221;#04CBF6&#8243; global_colors_info=&#8221;{}&#8221; sticky_enabled=&#8221;0&#8243;][\/dsm_text_notation][et_pb_text _builder_version=&#8221;4.24.0&#8243; _module_preset=&#8221;default&#8221; text_font=&#8221;Roboto||||||||&#8221; text_text_color=&#8221;#FFFFFF&#8221; text_font_size=&#8221;18px&#8221; text_line_height=&#8221;1.8em&#8221; custom_margin=&#8221;-18px||-28px|||&#8221; custom_padding=&#8221;6px||66px|||&#8221; text_font_size_tablet=&#8221;15px&#8221; text_font_size_phone=&#8221;14px&#8221; text_font_size_last_edited=&#8221;on|desktop&#8221; locked=&#8221;off&#8221; global_colors_info=&#8221;{}&#8221;]<\/p>\n<p>Bienvenido a la Pol\u00edtica de Cookies de Scholars Alcove. En nuestra b\u00fasqueda constante de ofrecer la mejor experiencia digital posible, es fundamental para nosotros garantizar la transparencia en el tratamiento de la informaci\u00f3n. A continuaci\u00f3n, te proporcionamos detalles sobre c\u00f3mo utilizamos las cookies en nuestro sitio web.<\/p>\n<p>[\/et_pb_text][\/et_pb_column][\/et_pb_row][\/et_pb_section][et_pb_section fb_built=&#8221;1&#8243; _builder_version=&#8221;4.24.0&#8243; _module_preset=&#8221;default&#8221; background_color=&#8221;#FFFFFF&#8221; custom_padding=&#8221;0px||0px||true|false&#8221; saved_tabs=&#8221;all&#8221; locked=&#8221;off&#8221; global_colors_info=&#8221;{}&#8221;][et_pb_row custom_padding_last_edited=&#8221;on|phone&#8221; _builder_version=&#8221;4.23.1&#8243; _module_preset=&#8221;default&#8221; background_color=&#8221;#FFFFFF&#8221; custom_margin=&#8221;||||false|false&#8221; custom_margin_tablet=&#8221;-20%||||false|false&#8221; custom_margin_phone=&#8221;-30%||||false|false&#8221; custom_margin_last_edited=&#8221;off|desktop&#8221; custom_padding=&#8221;40px|40px|40px|40px|true|true&#8221; custom_padding_tablet=&#8221;40px|30px|40px|30px|true|true&#8221; custom_padding_phone=&#8221;|20px||20px|true|true&#8221; global_colors_info=&#8221;{}&#8221;][et_pb_column type=&#8221;4_4&#8243; _builder_version=&#8221;4.16&#8243; _module_preset=&#8221;default&#8221; z_index=&#8221;12&#8243; custom_padding_tablet=&#8221;15px|30px|15px|30px|true|true&#8221; custom_padding_phone=&#8221;10px|30px|10px|30px|true|true&#8221; custom_padding_last_edited=&#8221;off|desktop&#8221; global_colors_info=&#8221;{}&#8221;][et_pb_text _builder_version=&#8221;4.24.0&#8243; _module_preset=&#8221;default&#8221; text_font=&#8221;Roboto||||||||&#8221; text_text_color=&#8221;#353535&#8243; text_font_size=&#8221;21px&#8221; text_line_height=&#8221;1.8em&#8221; header_2_font_size=&#8221;31px&#8221; custom_margin=&#8221;54px|||||&#8221; custom_padding=&#8221;||4px|||&#8221; text_font_size_tablet=&#8221;15px&#8221; text_font_size_phone=&#8221;14px&#8221; text_font_size_last_edited=&#8221;on|desktop&#8221; locked=&#8221;off&#8221; global_colors_info=&#8221;{}&#8221;]<\/p>\n<h2><b>\u00bfQu\u00e9 son las Cookies?<\/b><\/h2>\n<p>[\/et_pb_text][et_pb_text _builder_version=&#8221;4.24.0&#8243; _module_preset=&#8221;default&#8221; text_font=&#8221;Roboto||||||||&#8221; text_text_color=&#8221;#353535&#8243; text_font_size=&#8221;18px&#8221; text_line_height=&#8221;1.8em&#8221; custom_margin=&#8221;-18px|||||&#8221; custom_padding=&#8221;||66px|||&#8221; text_font_size_tablet=&#8221;15px&#8221; text_font_size_phone=&#8221;14px&#8221; text_font_size_last_edited=&#8221;on|desktop&#8221; locked=&#8221;off&#8221; global_colors_info=&#8221;{}&#8221;]<\/p>\n<p>Las cookies son peque\u00f1os archivos de texto que se almacenan en tu dispositivo (computadora, tablet, tel\u00e9fono m\u00f3vil) cuando visitas un sitio web. Estas cookies nos permiten recordar tus preferencias y mejorar tu experiencia de navegaci\u00f3n.<\/p>\n<p>[\/et_pb_text][et_pb_text _builder_version=&#8221;4.24.0&#8243; _module_preset=&#8221;default&#8221; text_font=&#8221;Roboto||||||||&#8221; text_text_color=&#8221;#353535&#8243; text_font_size=&#8221;21px&#8221; text_line_height=&#8221;1.8em&#8221; header_2_font_size=&#8221;31px&#8221; custom_margin=&#8221;-18px|||||&#8221; custom_padding=&#8221;||4px|||&#8221; text_font_size_tablet=&#8221;15px&#8221; text_font_size_phone=&#8221;14px&#8221; text_font_size_last_edited=&#8221;on|desktop&#8221; locked=&#8221;off&#8221; global_colors_info=&#8221;{}&#8221;]<\/p>\n<h2><b>Tipos de Cookies Utilizadas<\/b><\/h2>\n<p>[\/et_pb_text][et_pb_text _builder_version=&#8221;4.24.0&#8243; _module_preset=&#8221;default&#8221; text_font=&#8221;Roboto||||||||&#8221; text_text_color=&#8221;#353535&#8243; text_font_size=&#8221;18px&#8221; text_line_height=&#8221;1.8em&#8221; custom_margin=&#8221;-18px|||||&#8221; custom_padding=&#8221;||66px|||&#8221; text_font_size_tablet=&#8221;15px&#8221; text_font_size_phone=&#8221;14px&#8221; text_font_size_last_edited=&#8221;on|desktop&#8221; locked=&#8221;off&#8221; global_colors_info=&#8221;{}&#8221;]<\/p>\n<p><strong>1. Cookies Esenciales: <\/strong>Estas cookies son indispensables para el funcionamiento b\u00e1sico de nuestro sitio web. Nos ayudan a autenticarte y garantizar la seguridad durante tu visita.<\/p>\n<p><strong>2. Cookies Anal\u00edticas:<\/strong> Utilizamos cookies anal\u00edticas para recopilar informaci\u00f3n sobre el uso de nuestro sitio web. Esto nos ayuda a entender c\u00f3mo los visitantes interact\u00faan con nuestro contenido, permiti\u00e9ndonos realizar mejoras continuas.<\/p>\n<p><strong>3. Cookies de Funcionalidad:<\/strong> Estas cookies nos permiten recordar tus preferencias, como el idioma o la regi\u00f3n, para proporcionar una experiencia m\u00e1s personalizada y eficiente.<\/p>\n<p><strong>4. Cookies de Publicidad:<\/strong> Trabajamos con terceros para mostrar anuncios relevantes en nuestro sitio web y otros sitios. Estas cookies rastrean tu actividad en l\u00ednea y nos permiten ofrecer publicidad adaptada a tus intereses.<\/p>\n<p>[\/et_pb_text][et_pb_text _builder_version=&#8221;4.24.0&#8243; _module_preset=&#8221;default&#8221; text_font=&#8221;Roboto||||||||&#8221; text_text_color=&#8221;#353535&#8243; text_font_size=&#8221;21px&#8221; text_line_height=&#8221;1.8em&#8221; header_2_font_size=&#8221;31px&#8221; custom_margin=&#8221;-18px|||||&#8221; custom_padding=&#8221;||4px|||&#8221; text_font_size_tablet=&#8221;15px&#8221; text_font_size_phone=&#8221;14px&#8221; text_font_size_last_edited=&#8221;on|desktop&#8221; locked=&#8221;off&#8221; global_colors_info=&#8221;{}&#8221;]<\/p>\n<h2><b>Control de Cookies<\/b><\/h2>\n<p>[\/et_pb_text][et_pb_text _builder_version=&#8221;4.24.0&#8243; _module_preset=&#8221;default&#8221; text_font=&#8221;Roboto||||||||&#8221; text_text_color=&#8221;#353535&#8243; text_font_size=&#8221;18px&#8221; text_line_height=&#8221;1.8em&#8221; custom_margin=&#8221;-18px|||||&#8221; custom_padding=&#8221;||66px|||&#8221; text_font_size_tablet=&#8221;15px&#8221; text_font_size_phone=&#8221;14px&#8221; text_font_size_last_edited=&#8221;on|desktop&#8221; locked=&#8221;off&#8221; global_colors_info=&#8221;{}&#8221;]<\/p>\n<p><span>Puedes gestionar las preferencias de cookies directamente desde tu navegador. La mayor\u00eda de los navegadores te permiten configurar tu nivel de aceptaci\u00f3n de cookies y eliminarlas seg\u00fan tu elecci\u00f3n.<\/span><\/p>\n<p>[\/et_pb_text][et_pb_text _builder_version=&#8221;4.24.0&#8243; _module_preset=&#8221;default&#8221; text_font=&#8221;Roboto||||||||&#8221; text_text_color=&#8221;#353535&#8243; text_font_size=&#8221;21px&#8221; text_line_height=&#8221;1.8em&#8221; header_2_font_size=&#8221;31px&#8221; custom_margin=&#8221;-18px|||||&#8221; custom_padding=&#8221;||4px|||&#8221; text_font_size_tablet=&#8221;15px&#8221; text_font_size_phone=&#8221;14px&#8221; text_font_size_last_edited=&#8221;on|desktop&#8221; locked=&#8221;off&#8221; global_colors_info=&#8221;{}&#8221;]<\/p>\n<h2><b>Enlaces a Terceros<br \/>\n<\/b><\/h2>\n<p>[\/et_pb_text][et_pb_text _builder_version=&#8221;4.24.0&#8243; _module_preset=&#8221;default&#8221; text_font=&#8221;Roboto||||||||&#8221; text_text_color=&#8221;#353535&#8243; text_font_size=&#8221;18px&#8221; text_line_height=&#8221;1.8em&#8221; custom_margin=&#8221;-18px|||||&#8221; custom_padding=&#8221;||66px|||&#8221; text_font_size_tablet=&#8221;15px&#8221; text_font_size_phone=&#8221;14px&#8221; text_font_size_last_edited=&#8221;on|desktop&#8221; locked=&#8221;off&#8221; global_colors_info=&#8221;{}&#8221;]<\/p>\n<p>Nuestro sitio web puede contener enlaces a sitios de terceros. No nos hacemos responsables de las pr\u00e1cticas de privacidad y el contenido de estos sitios. Te recomendamos revisar las pol\u00edticas de privacidad y cookies de estos terceros.<\/p>\n<p>[\/et_pb_text][et_pb_text _builder_version=&#8221;4.24.0&#8243; _module_preset=&#8221;default&#8221; text_font=&#8221;Roboto||||||||&#8221; text_text_color=&#8221;#353535&#8243; text_font_size=&#8221;21px&#8221; text_line_height=&#8221;1.8em&#8221; header_2_font_size=&#8221;31px&#8221; custom_margin=&#8221;-18px|||||&#8221; custom_padding=&#8221;||4px|||&#8221; text_font_size_tablet=&#8221;15px&#8221; text_font_size_phone=&#8221;14px&#8221; text_font_size_last_edited=&#8221;on|desktop&#8221; locked=&#8221;off&#8221; global_colors_info=&#8221;{}&#8221;]<\/p>\n<h2><b>Actualizaciones de la Pol\u00edtica de Cookies<br \/><\/b><\/h2>\n<p>[\/et_pb_text][et_pb_text _builder_version=&#8221;4.24.0&#8243; _module_preset=&#8221;default&#8221; text_font=&#8221;Roboto||||||||&#8221; text_text_color=&#8221;#353535&#8243; text_font_size=&#8221;18px&#8221; text_line_height=&#8221;1.8em&#8221; custom_margin=&#8221;-18px|||||&#8221; custom_padding=&#8221;||66px|||&#8221; text_font_size_tablet=&#8221;15px&#8221; text_font_size_phone=&#8221;14px&#8221; text_font_size_last_edited=&#8221;on|desktop&#8221; locked=&#8221;off&#8221; global_colors_info=&#8221;{}&#8221;]<\/p>\n<p><strong><span>Nos reservamos el derecho de actualizar esta Pol\u00edtica de Cookies para reflejar cambios en nuestras pr\u00e1cticas y en la normativa aplicable. Cualquier modificaci\u00f3n ser\u00e1 notificada a trav\u00e9s de nuestro sitio web.<\/span><\/strong><\/p>\n<p>[\/et_pb_text][et_pb_text _builder_version=&#8221;4.24.0&#8243; _module_preset=&#8221;default&#8221; text_font=&#8221;Roboto||||||||&#8221; text_text_color=&#8221;#353535&#8243; text_font_size=&#8221;21px&#8221; text_line_height=&#8221;1.8em&#8221; header_2_font_size=&#8221;31px&#8221; custom_margin=&#8221;-18px|||||&#8221; custom_padding=&#8221;||4px|||&#8221; text_font_size_tablet=&#8221;15px&#8221; text_font_size_phone=&#8221;14px&#8221; text_font_size_last_edited=&#8221;on|desktop&#8221; locked=&#8221;off&#8221; global_colors_info=&#8221;{}&#8221;]<\/p>\n<h2><b>Contacto<\/b><b><\/b><\/h2>\n<p>[\/et_pb_text][et_pb_text _builder_version=&#8221;4.24.0&#8243; _module_preset=&#8221;default&#8221; text_font=&#8221;Roboto||||||||&#8221; text_text_color=&#8221;#353535&#8243; text_font_size=&#8221;18px&#8221; text_line_height=&#8221;1.8em&#8221; custom_margin=&#8221;-18px|||||&#8221; custom_padding=&#8221;||66px|||&#8221; text_font_size_tablet=&#8221;15px&#8221; text_font_size_phone=&#8221;14px&#8221; text_font_size_last_edited=&#8221;on|desktop&#8221; locked=&#8221;off&#8221; global_colors_info=&#8221;{}&#8221;]<\/p>\n<p>Si tienes alguna pregunta sobre nuestra Pol\u00edtica de Cookies, no dudes en contactarnos a trav\u00e9s de la informaci\u00f3n proporcionada en nuestra p\u00e1gina de contacto.<\/p>\n<p>Gracias por confiar en nosotros y visitar nuestra web. Estamos comprometidos a proteger tu privacidad y ofrecerte un servicio de calidad.<\/p>\n<p>[\/et_pb_text][\/et_pb_column][\/et_pb_row][\/et_pb_section]<\/p>","protected":false},"excerpt":{"rendered":"<p><div class=\"et_pb_with_border et_pb_module dsm_text_notation dsm_text_notation_0  et_pb_bg_layout_light\">\n\t\t\t\t\n\t\t\t\t\n\t\t\t\t\n\t\t\t\t\n\t\t\t\t\n\t\t\t\t\n\t\t\t\t<div class=\"et_pb_module_inner\">\n\t\t\t\t\t<h1 class=\"dsm-text-notation-main et_pb_module_header\"><span class=\"dsm-text-notation-before\">Pol\u00edtica de <\/span><span data-notation=\"[{&quot;type&quot;:&quot;underline&quot;,&quot;color&quot;:&quot;#1EAF5C&quot;,&quot;stroke-width&quot;:&quot;2&quot;,&quot;iterations&quot;:&quot;4&quot;,&quot;brackets&quot;:&quot;left|right&quot;,&quot;viewport&quot;:&quot;80%&quot;,&quot;delay&quot;:&quot;0ms&quot;,&quot;divi-animate&quot;:&quot;none&quot;,&quot;divi-animate-duration&quot;:&quot;1000ms&quot;,&quot;divi-animate-delay&quot;:&quot;0ms&quot;}]\" class=\"dsm-text-notation-middle\">Cookies<\/span><\/h1>\n\t\t\t\t<\/div>\n\t\t\t<\/div>Bienvenido a la Pol\u00edtica de Cookies de Scholars Alcove. En nuestra b\u00fasqueda constante de ofrecer la mejor experiencia digital posible, es fundamental para nosotros garantizar la transparencia en el tratamiento de la informaci\u00f3n. [&hellip;]<\/p>","protected":false},"author":1,"featured_media":0,"parent":0,"menu_order":0,"comment_status":"closed","ping_status":"closed","template":"","meta":{"_et_pb_use_builder":"on","_et_pb_old_content":"","_et_gb_content_width":"","_joinchat":[],"footnotes":""},"class_list":["post-277814","page","type-page","status-publish","hentry"],"yoast_head":"<!-- This site is optimized with the Yoast SEO plugin v26.1.1 - https:\/\/yoast.com\/wordpress\/plugins\/seo\/ -->\n<title>Pol\u00edtica de cookies - Tutor&iacute;a de Biolog&iacute;a con expertos de Oxford y Cambridge<\/title>\n<meta name=\"robots\" content=\"index, follow, max-snippet:-1, max-image-preview:large, max-video-preview:-1\" \/>\n<link rel=\"canonical\" href=\"https:\/\/scholarsalcove.com\/es\/politica-de-cookies\/\" \/>\n<meta property=\"og:locale\" content=\"es_ES\" \/>\n<meta property=\"og:type\" content=\"article\" \/>\n<meta property=\"og:title\" content=\"Pol\u00edtica de cookies - Tutor&iacute;a de Biolog&iacute;a con expertos de Oxford y Cambridge\" \/>\n<meta property=\"og:description\" content=\"Bienvenido a la Pol\u00edtica de Cookies de Scholars Alcove. En nuestra b\u00fasqueda constante de ofrecer la mejor experiencia digital posible, es fundamental para nosotros garantizar la transparencia en el tratamiento de la informaci\u00f3n. [&hellip;]\" \/>\n<meta property=\"og:url\" content=\"https:\/\/scholarsalcove.com\/es\/politica-de-cookies\/\" \/>\n<meta property=\"og:site_name\" content=\"Tutor&iacute;a de Biolog&iacute;a con expertos de Oxford y Cambridge\" \/>\n<meta property=\"article:modified_time\" content=\"2025-05-15T09:13:39+00:00\" \/>\n<meta name=\"twitter:card\" content=\"summary_large_image\" \/>\n<meta name=\"twitter:label1\" content=\"Tiempo de lectura\" \/>\n\t<meta name=\"twitter:data1\" content=\"7 minutos\" \/>\n<script type=\"application\/ld+json\" class=\"yoast-schema-graph\">{\"@context\":\"https:\/\/schema.org\",\"@graph\":[{\"@type\":\"WebPage\",\"@id\":\"https:\/\/scholarsalcove.com\/politica-de-cookies\/\",\"url\":\"https:\/\/scholarsalcove.com\/politica-de-cookies\/\",\"name\":\"Pol\u00edtica de cookies - Tutor&iacute;a de Biolog&iacute;a con expertos de Oxford y Cambridge\",\"isPartOf\":{\"@id\":\"https:\/\/scholarsalcove.com\/#website\"},\"datePublished\":\"2024-02-01T03:10:06+00:00\",\"dateModified\":\"2025-05-15T09:13:39+00:00\",\"breadcrumb\":{\"@id\":\"https:\/\/scholarsalcove.com\/politica-de-cookies\/#breadcrumb\"},\"inLanguage\":\"es\",\"potentialAction\":[{\"@type\":\"ReadAction\",\"target\":[\"https:\/\/scholarsalcove.com\/politica-de-cookies\/\"]}]},{\"@type\":\"BreadcrumbList\",\"@id\":\"https:\/\/scholarsalcove.com\/politica-de-cookies\/#breadcrumb\",\"itemListElement\":[{\"@type\":\"ListItem\",\"position\":1,\"name\":\"Portada\",\"item\":\"https:\/\/scholarsalcove.com\/\"},{\"@type\":\"ListItem\",\"position\":2,\"name\":\"Pol\u00edtica de cookies\"}]},{\"@type\":\"WebSite\",\"@id\":\"https:\/\/scholarsalcove.com\/#website\",\"url\":\"https:\/\/scholarsalcove.com\/\",\"name\":\"Cuarteto Animus\",\"description\":\"Clases online personalizadas para A-level, AP y nivel universitario. Aprende biolog&iacute;a con tutores con doctorado de Oxford y Cambridge.\",\"publisher\":{\"@id\":\"https:\/\/scholarsalcove.com\/#organization\"},\"potentialAction\":[{\"@type\":\"SearchAction\",\"target\":{\"@type\":\"EntryPoint\",\"urlTemplate\":\"https:\/\/scholarsalcove.com\/?s={search_term_string}\"},\"query-input\":{\"@type\":\"PropertyValueSpecification\",\"valueRequired\":true,\"valueName\":\"search_term_string\"}}],\"inLanguage\":\"es\"},{\"@type\":\"Organization\",\"@id\":\"https:\/\/scholarsalcove.com\/#organization\",\"name\":\"Cuarteto Animus\",\"url\":\"https:\/\/scholarsalcove.com\/\",\"logo\":{\"@type\":\"ImageObject\",\"inLanguage\":\"es\",\"@id\":\"https:\/\/scholarsalcove.com\/#\/schema\/logo\/image\/\",\"url\":\"https:\/\/scholarsalcove.com\/wp-content\/uploads\/2025\/04\/imagotipo-cuarteto-animus-logo.webp\",\"contentUrl\":\"https:\/\/scholarsalcove.com\/wp-content\/uploads\/2025\/04\/imagotipo-cuarteto-animus-logo.webp\",\"width\":784,\"height\":374,\"caption\":\"Cuarteto Animus\"},\"image\":{\"@id\":\"https:\/\/scholarsalcove.com\/#\/schema\/logo\/image\/\"},\"sameAs\":[\"https:\/\/www.instagram.com\/cuarteto.animus\/\"]}]}<\/script>\n<!-- \/ Yoast SEO plugin. -->","yoast_head_json":{"title":"Pol\u00edtica de cookies - Tutor&iacute;a de Biolog&iacute;a con expertos de Oxford y Cambridge","robots":{"index":"index","follow":"follow","max-snippet":"max-snippet:-1","max-image-preview":"max-image-preview:large","max-video-preview":"max-video-preview:-1"},"canonical":"https:\/\/scholarsalcove.com\/es\/politica-de-cookies\/","og_locale":"es_ES","og_type":"article","og_title":"Pol\u00edtica de cookies - Tutor&iacute;a de Biolog&iacute;a con expertos de Oxford y Cambridge","og_description":"Bienvenido a la Pol\u00edtica de Cookies de Scholars Alcove. En nuestra b\u00fasqueda constante de ofrecer la mejor experiencia digital posible, es fundamental para nosotros garantizar la transparencia en el tratamiento de la informaci\u00f3n. [&hellip;]","og_url":"https:\/\/scholarsalcove.com\/es\/politica-de-cookies\/","og_site_name":"Tutor&iacute;a de Biolog&iacute;a con expertos de Oxford y Cambridge","article_modified_time":"2025-05-15T09:13:39+00:00","twitter_card":"summary_large_image","twitter_misc":{"Tiempo de lectura":"7 minutos"},"schema":{"@context":"https:\/\/schema.org","@graph":[{"@type":"WebPage","@id":"https:\/\/scholarsalcove.com\/politica-de-cookies\/","url":"https:\/\/scholarsalcove.com\/politica-de-cookies\/","name":"Pol\u00edtica de cookies - Tutor&iacute;a de Biolog&iacute;a con expertos de Oxford y Cambridge","isPartOf":{"@id":"https:\/\/scholarsalcove.com\/#website"},"datePublished":"2024-02-01T03:10:06+00:00","dateModified":"2025-05-15T09:13:39+00:00","breadcrumb":{"@id":"https:\/\/scholarsalcove.com\/politica-de-cookies\/#breadcrumb"},"inLanguage":"es","potentialAction":[{"@type":"ReadAction","target":["https:\/\/scholarsalcove.com\/politica-de-cookies\/"]}]},{"@type":"BreadcrumbList","@id":"https:\/\/scholarsalcove.com\/politica-de-cookies\/#breadcrumb","itemListElement":[{"@type":"ListItem","position":1,"name":"Portada","item":"https:\/\/scholarsalcove.com\/"},{"@type":"ListItem","position":2,"name":"Pol\u00edtica de cookies"}]},{"@type":"WebSite","@id":"https:\/\/scholarsalcove.com\/#website","url":"https:\/\/scholarsalcove.com\/","name":"Cuarteto Animus","description":"Clases online personalizadas para A-level, AP y nivel universitario. Aprende biolog&iacute;a con tutores con doctorado de Oxford y Cambridge.","publisher":{"@id":"https:\/\/scholarsalcove.com\/#organization"},"potentialAction":[{"@type":"SearchAction","target":{"@type":"EntryPoint","urlTemplate":"https:\/\/scholarsalcove.com\/?s={search_term_string}"},"query-input":{"@type":"PropertyValueSpecification","valueRequired":true,"valueName":"search_term_string"}}],"inLanguage":"es"},{"@type":"Organization","@id":"https:\/\/scholarsalcove.com\/#organization","name":"Cuarteto Animus","url":"https:\/\/scholarsalcove.com\/","logo":{"@type":"ImageObject","inLanguage":"es","@id":"https:\/\/scholarsalcove.com\/#\/schema\/logo\/image\/","url":"https:\/\/scholarsalcove.com\/wp-content\/uploads\/2025\/04\/imagotipo-cuarteto-animus-logo.webp","contentUrl":"https:\/\/scholarsalcove.com\/wp-content\/uploads\/2025\/04\/imagotipo-cuarteto-animus-logo.webp","width":784,"height":374,"caption":"Cuarteto Animus"},"image":{"@id":"https:\/\/scholarsalcove.com\/#\/schema\/logo\/image\/"},"sameAs":["https:\/\/www.instagram.com\/cuarteto.animus\/"]}]}},"_links":{"self":[{"href":"https:\/\/scholarsalcove.com\/es\/wp-json\/wp\/v2\/pages\/277814","targetHints":{"allow":["GET"]}}],"collection":[{"href":"https:\/\/scholarsalcove.com\/es\/wp-json\/wp\/v2\/pages"}],"about":[{"href":"https:\/\/scholarsalcove.com\/es\/wp-json\/wp\/v2\/types\/page"}],"author":[{"embeddable":true,"href":"https:\/\/scholarsalcove.com\/es\/wp-json\/wp\/v2\/users\/1"}],"replies":[{"embeddable":true,"href":"https:\/\/scholarsalcove.com\/es\/wp-json\/wp\/v2\/comments?post=277814"}],"version-history":[{"count":12,"href":"https:\/\/scholarsalcove.com\/es\/wp-json\/wp\/v2\/pages\/277814\/revisions"}],"predecessor-version":[{"id":278650,"href":"https:\/\/scholarsalcove.com\/es\/wp-json\/wp\/v2\/pages\/277814\/revisions\/278650"}],"wp:attachment":[{"href":"https:\/\/scholarsalcove.com\/es\/wp-json\/wp\/v2\/media?parent=277814"}],"curies":[{"name":"wp","href":"https:\/\/api.w.org\/{rel}","templated":true}]}}