{"id":277952,"date":"2024-03-06T13:31:17","date_gmt":"2024-03-06T13:31:17","guid":{"rendered":"https:\/\/cuartetoanimus.com\/?page_id=277952"},"modified":"2025-08-24T13:59:44","modified_gmt":"2025-08-24T13:59:44","slug":"aviso-legal","status":"publish","type":"page","link":"https:\/\/scholarsalcove.com\/es\/aviso-legal\/","title":{"rendered":"Aviso Legal"},"content":{"rendered":"<p>[et_pb_section fb_built=&#8221;1&#8243; _builder_version=&#8221;4.27.4&#8243; _module_preset=&#8221;default&#8221; background_color=&#8221;#1864D3&#8243; custom_padding=&#8221;0px||0px||true|false&#8221; saved_tabs=&#8221;all&#8221; locked=&#8221;off&#8221; global_colors_info=&#8221;{}&#8221;][et_pb_row _builder_version=&#8221;4.24.0&#8243; _module_preset=&#8221;default&#8221; custom_padding=&#8221;95px|||||&#8221; global_colors_info=&#8221;{}&#8221;][et_pb_column type=&#8221;4_4&#8243; _builder_version=&#8221;4.24.0&#8243; _module_preset=&#8221;default&#8221; global_colors_info=&#8221;{}&#8221;][dsm_text_notation before_text=&#8221;Aviso &#8221; notation_text=&#8221;Legal&#8221; notation_color=&#8221;#1EAF5C&#8221; notation_width=&#8221;2&#8243; notation_iterations=&#8221;4&#8243; notation_padding=&#8221;||7px||false|false&#8221; _builder_version=&#8221;4.27.4&#8243; _module_preset=&#8221;default&#8221; header_font=&#8221;Libre Franklin|600|||||||&#8221; header_text_color=&#8221;#353535&#8243; header_font_size=&#8221;45px&#8221; before_text_color=&#8221;#FFFFFF&#8221; notation_font=&#8221;|700|||||||&#8221; notation_text_color=&#8221;#1EAF5C&#8221; custom_margin=&#8221;||8px||false|false&#8221; custom_padding=&#8221;||38px|||&#8221; border_color_all_before=&#8221;#04CBF6&#8243; global_colors_info=&#8221;{}&#8221;][\/dsm_text_notation][et_pb_text _builder_version=&#8221;4.27.4&#8243; _module_preset=&#8221;default&#8221; text_font=&#8221;Roboto||||||||&#8221; text_text_color=&#8221;#FFFFFF&#8221; text_font_size=&#8221;18px&#8221; text_line_height=&#8221;1.8em&#8221; custom_margin=&#8221;-18px|||||&#8221; custom_padding=&#8221;||66px|||&#8221; text_font_size_tablet=&#8221;15px&#8221; text_font_size_phone=&#8221;14px&#8221; text_font_size_last_edited=&#8221;on|desktop&#8221; locked=&#8221;off&#8221; global_colors_info=&#8221;%91%93&#8243;]<\/p>\n<p>Bienvenido a este espacio. Como usuario, es importante que conozcas estos t\u00e9rminos antes de continuar navegando.<br \/>Scholars Alcove como responsable de esta p\u00e1gina web, se compromete a procesar la informaci\u00f3n de nuestros usuarios y clientes con plenas garant\u00edas y cumplir con los requisitos nacionales y europeos que regulan la recopilaci\u00f3n y uso de datos personales de nuestros usuarios.<\/p>\n<p>Esta p\u00e1gina Web, por lo tanto, cumple de forma rigurosa con la Ley Org\u00e1nica de Protecci\u00f3n de Datos Personales 3\/2018 (en adelante LOPDGDD) y dem\u00e1s normativa aplicable, con el Reglamento (UE) 2016\/279 del Parlamento Europeo y del Consejo de 27 de abril de 2016 relativo a la protecci\u00f3n de las personas f\u00edsicas (en adelante RGPD) y con la Ley 34\/2002, de 11 de julio, de Servicios de la Sociedad de la Informaci\u00f3n y Comercio Electr\u00f3nico (en adelante LSSICE).<\/p>\n<p>[\/et_pb_text][\/et_pb_column][\/et_pb_row][\/et_pb_section][et_pb_section fb_built=&#8221;1&#8243; _builder_version=&#8221;4.24.0&#8243; _module_preset=&#8221;default&#8221; background_color=&#8221;#FFFFFF&#8221; custom_padding=&#8221;0px||0px||true|false&#8221; saved_tabs=&#8221;all&#8221; locked=&#8221;off&#8221; global_colors_info=&#8221;{}&#8221;][et_pb_row custom_padding_last_edited=&#8221;on|phone&#8221; _builder_version=&#8221;4.27.4&#8243; _module_preset=&#8221;default&#8221; background_color=&#8221;#FFFFFF&#8221; custom_margin=&#8221;||||false|false&#8221; custom_margin_tablet=&#8221;-20%||||false|false&#8221; custom_margin_phone=&#8221;-30%||||false|false&#8221; custom_margin_last_edited=&#8221;off|desktop&#8221; custom_padding=&#8221;74px|40px|74px|40px|true|true&#8221; custom_padding_tablet=&#8221;40px|30px|40px|30px|true|true&#8221; custom_padding_phone=&#8221;70px|20px|70px|20px|true|true&#8221; global_colors_info=&#8221;{}&#8221;][et_pb_column type=&#8221;4_4&#8243; _builder_version=&#8221;4.16&#8243; _module_preset=&#8221;default&#8221; z_index=&#8221;12&#8243; custom_padding_tablet=&#8221;15px|30px|15px|30px|true|true&#8221; custom_padding_phone=&#8221;10px|30px|10px|30px|true|true&#8221; custom_padding_last_edited=&#8221;off|desktop&#8221; global_colors_info=&#8221;{}&#8221;][et_pb_text _builder_version=&#8221;4.27.4&#8243; _module_preset=&#8221;default&#8221; text_font=&#8221;Roboto||||||||&#8221; text_text_color=&#8221;#353535&#8243; text_font_size=&#8221;21px&#8221; text_line_height=&#8221;1.8em&#8221; header_2_font_size=&#8221;31px&#8221; custom_margin=&#8221;-18px|||||&#8221; custom_padding=&#8221;||4px|||&#8221; text_font_size_tablet=&#8221;15px&#8221; text_font_size_phone=&#8221;14px&#8221; text_font_size_last_edited=&#8221;on|desktop&#8221; locked=&#8221;off&#8221; global_colors_info=&#8221;%91%93&#8243;]<\/p>\n<h2><b>Datos del responsable<\/b><\/h2>\n<p>[\/et_pb_text][et_pb_text _builder_version=&#8221;4.27.4&#8243; _module_preset=&#8221;default&#8221; text_font=&#8221;Roboto||||||||&#8221; text_text_color=&#8221;#353535&#8243; text_font_size=&#8221;18px&#8221; text_line_height=&#8221;1.8em&#8221; custom_margin=&#8221;-18px|||||&#8221; custom_padding=&#8221;||66px|||&#8221; text_font_size_tablet=&#8221;15px&#8221; text_font_size_phone=&#8221;14px&#8221; text_font_size_last_edited=&#8221;on|desktop&#8221; locked=&#8221;off&#8221; global_colors_info=&#8221;%91%93&#8243;]<\/p>\n<p style=\"padding-left: 40px;\">\u2022 <strong>Identidad del Responsable:<\/strong> <span>REBECA R. FIGUEROA<\/span><br \/>\u2022<strong> Nombre comercial:<\/strong> Scholars Alcove<br \/>\u2022 <strong>NIF\/CIF:<\/strong> 42232355P<br \/>\u2022<strong> Direcci\u00f3n:<\/strong> <span>CALLE CASSIOPEA N: 153. 38710. BRE\u00d1A ALTA, LA PALMA <\/span><br \/>\u2022<strong> Correo electr\u00f3nico:<\/strong> scholarsalcove@gmail.com<br \/>\u2022<strong> Actividad:<\/strong> otra educaci\u00f3n<\/p>\n<p>[\/et_pb_text][et_pb_text _builder_version=&#8221;4.24.2&#8243; _module_preset=&#8221;default&#8221; text_font=&#8221;Roboto||||||||&#8221; text_text_color=&#8221;#353535&#8243; text_font_size=&#8221;21px&#8221; text_line_height=&#8221;1.8em&#8221; header_2_font_size=&#8221;31px&#8221; custom_margin=&#8221;-18px|||||&#8221; custom_padding=&#8221;||4px|||&#8221; text_font_size_tablet=&#8221;15px&#8221; text_font_size_phone=&#8221;14px&#8221; text_font_size_last_edited=&#8221;on|desktop&#8221; locked=&#8221;off&#8221; global_colors_info=&#8221;%91%93&#8243;]<\/p>\n<h2><b>Condiciones generales de uso<\/b><\/h2>\n<p>[\/et_pb_text][et_pb_text _builder_version=&#8221;4.27.4&#8243; _module_preset=&#8221;default&#8221; text_font=&#8221;Roboto||||||||&#8221; text_text_color=&#8221;#353535&#8243; text_font_size=&#8221;18px&#8221; text_line_height=&#8221;1.8em&#8221; custom_margin=&#8221;-18px|||||&#8221; custom_padding=&#8221;||66px|||&#8221; text_font_size_tablet=&#8221;15px&#8221; text_font_size_phone=&#8221;14px&#8221; text_font_size_last_edited=&#8221;on|desktop&#8221; locked=&#8221;off&#8221; global_colors_info=&#8221;%91%93&#8243;]<\/p>\n<p>Las presentes Condiciones Generales regulan el uso (incluyendo el acceso) de las p\u00e1ginas web integrantes del sitio web de Scholars Alcove. incluidos los contenidos y servicios puestos a disposici\u00f3n en ellas. Toda persona que acceda a la web <a href=\"https:\/\/scholarsalcove.com\/es\/\">www.scholarsalcove.com<\/a> (\u201cusuario\u201d) acepta someterse a las Condiciones Generales vigentes en cada momento. Por usuario se entiende a la persona que acceda, navegue, utilice o participe en los servicios y actividades desarrolladas en el sitio web.<\/p>\n<p>[\/et_pb_text][et_pb_text _builder_version=&#8221;4.24.2&#8243; _module_preset=&#8221;default&#8221; text_font=&#8221;Roboto||||||||&#8221; text_text_color=&#8221;#353535&#8243; text_font_size=&#8221;21px&#8221; text_line_height=&#8221;1.8em&#8221; header_2_font_size=&#8221;31px&#8221; custom_margin=&#8221;-18px|||||&#8221; custom_padding=&#8221;||4px|||&#8221; text_font_size_tablet=&#8221;15px&#8221; text_font_size_phone=&#8221;14px&#8221; text_font_size_last_edited=&#8221;on|desktop&#8221; locked=&#8221;off&#8221; global_colors_info=&#8221;%91%93&#8243;]<\/p>\n<h2><b>Datos personales que recopilamos y c\u00f3mo lo hacemos<\/b><\/h2>\n<p>[\/et_pb_text][et_pb_text _builder_version=&#8221;4.24.2&#8243; _module_preset=&#8221;default&#8221; text_font=&#8221;Roboto||||||||&#8221; text_text_color=&#8221;#353535&#8243; text_font_size=&#8221;18px&#8221; text_line_height=&#8221;1.8em&#8221; custom_margin=&#8221;-18px|||||&#8221; custom_padding=&#8221;||66px|||&#8221; text_font_size_tablet=&#8221;15px&#8221; text_font_size_phone=&#8221;14px&#8221; text_font_size_last_edited=&#8221;on|desktop&#8221; locked=&#8221;off&#8221; global_colors_info=&#8221;%91%93&#8243;]DATOS PERSONALES QUE RECOPILAMOS Y C\u00d3MO LO HACEMOS<br \/>\nLos t\u00e9rminos relativos a la privacidad y protecci\u00f3n de datos, est\u00e1n estipulados en nuestra Pol\u00edtica de privacidad.[\/et_pb_text][et_pb_text _builder_version=&#8221;4.24.2&#8243; _module_preset=&#8221;default&#8221; text_font=&#8221;Roboto||||||||&#8221; text_text_color=&#8221;#353535&#8243; text_font_size=&#8221;21px&#8221; text_line_height=&#8221;1.8em&#8221; header_2_font_size=&#8221;31px&#8221; custom_margin=&#8221;-18px|||||&#8221; custom_padding=&#8221;||4px|||&#8221; text_font_size_tablet=&#8221;15px&#8221; text_font_size_phone=&#8221;14px&#8221; text_font_size_last_edited=&#8221;on|desktop&#8221; locked=&#8221;off&#8221; global_colors_info=&#8221;%91%93&#8243;]<\/p>\n<h2><b>Categor\u00edas de datos personales<\/b><\/h2>\n<p>[\/et_pb_text][et_pb_text _builder_version=&#8221;4.27.4&#8243; _module_preset=&#8221;default&#8221; text_font=&#8221;Roboto||||||||&#8221; text_text_color=&#8221;#353535&#8243; text_font_size=&#8221;18px&#8221; text_line_height=&#8221;1.8em&#8221; custom_margin=&#8221;-18px|||||&#8221; custom_padding=&#8221;||66px|||&#8221; text_font_size_tablet=&#8221;15px&#8221; text_font_size_phone=&#8221;14px&#8221; text_font_size_last_edited=&#8221;on|desktop&#8221; locked=&#8221;off&#8221; global_colors_info=&#8221;%91%93&#8243;]<\/p>\n<p>Las categor\u00edas de datos que se tratan en www.scholarsalcove.com son \u00fanicamente datos identificativos. En ning\u00fan caso, se tratan categor\u00edas especiales de datos personales en el sentido del art\u00edculo 9 del RGPD.<\/p>\n<p>[\/et_pb_text][et_pb_text _builder_version=&#8221;4.24.2&#8243; _module_preset=&#8221;default&#8221; text_font=&#8221;Roboto||||||||&#8221; text_text_color=&#8221;#353535&#8243; text_font_size=&#8221;21px&#8221; text_line_height=&#8221;1.8em&#8221; header_2_font_size=&#8221;31px&#8221; custom_margin=&#8221;-18px|||||&#8221; custom_padding=&#8221;||4px|||&#8221; text_font_size_tablet=&#8221;15px&#8221; text_font_size_phone=&#8221;14px&#8221; text_font_size_last_edited=&#8221;on|desktop&#8221; locked=&#8221;off&#8221; global_colors_info=&#8221;%91%93&#8243;]<\/p>\n<h2><b>Obligaciones y compromisos de los usuarios<\/b><b>[\/et_pb_text][et_pb_text _builder_version=&#8221;4.27.4&#8243; _module_preset=&#8221;default&#8221; text_font=&#8221;Roboto||||||||&#8221; text_text_color=&#8221;#353535&#8243; text_font_size=&#8221;18px&#8221; text_line_height=&#8221;1.8em&#8221; custom_margin=&#8221;-18px|||||&#8221; custom_padding=&#8221;||66px|||&#8221; text_font_size_tablet=&#8221;15px&#8221; text_font_size_phone=&#8221;14px&#8221; text_font_size_last_edited=&#8221;on|desktop&#8221; locked=&#8221;off&#8221; global_colors_info=&#8221;%91%93&#8243;]<\/p>\n<p>El usuario queda informado, y acepta que, el acceso a la presente web, no supone en modo alguno, el inicio de una relaci\u00f3n comercial con Scholars Alcove. De esta forma, el usuario se compromete a utilizar la Web, sus servicios y contenidos sin contravenir la legislaci\u00f3n vigente, la buena fe, los usos generalmente aceptados y el orden p\u00fablico. As\u00ed mismo, queda prohibido, el uso de la Web con fines il\u00edcitos o lesivos contra Scholars Alcove o cualquier tercero o que, de cualquier forma, puedan causar perjuicio o impedir el normal funcionamiento de la Web.<br \/>Respecto de los contenidos (informaciones, textos, gr\u00e1ficos, archivos de sonido y\/o imagen, fotograf\u00edas, dise\u00f1os, etc.), se proh\u00edbe:<\/p>\n<p style=\"padding-left: 40px;\">\u2022 Su reproducci\u00f3n, distribuci\u00f3n o modificaci\u00f3n, a menos que se cuente con la autorizaci\u00f3n de sus leg\u00edtimos titulares o resulte legalmente permitido.<br \/>\u2022 Cualquier vulneraci\u00f3n de los derechos de la empresa o de sus leg\u00edtimos titulares sobre los mismos.<br \/>\u2022 Su utilizaci\u00f3n para todo tipo de fines comerciales o publicitarios, distintos de los estrictamente permitidos.<br \/>\u2022 Cualquier intento de obtener los contenidos de la Web por cualquier medio distinto de los que se pongan a disposici\u00f3n de los usuarios, as\u00ed como de los que habitualmente se empleen en la red, siempre que no causen perjuicio alguno a la Web de Cuarteto Animus. www.scholarsalcove.com el usuario se compromete a no llevar a cabo ninguna conducta que pudiera da\u00f1ar la imagen, los intereses y los derechos de Scholars Alcove. o de terceros o que pudiera da\u00f1ar, inutilizar o sobrecargar el portal www.scholarsalcove.com o que impidiera, de cualquier forma, la normal utilizaci\u00f3n de la web.<\/p>\n<p>No obstante, el usuario debe ser consciente de que las medidas de seguridad de los sistemas inform\u00e1ticos en Internet no son enteramente fiables y que, por tanto, Scholars Alcove. no puede garantizar la inexistencia de malware u otros elementos que puedan producir alteraciones en los sistemas inform\u00e1ticos (software y hardware) del usuario o en sus documentos electr\u00f3nicos y ficheros contenidos en los mismos, aunque ponga todos los medios necesarios y las medidas de seguridad oportunas para evitar la presencia de estos elementos da\u00f1inos.<\/p>\n<p>[\/et_pb_text][et_pb_text _builder_version=&#8221;4.24.2&#8243; _module_preset=&#8221;default&#8221; text_font=&#8221;Roboto||||||||&#8221; text_text_color=&#8221;#353535&#8243; text_font_size=&#8221;21px&#8221; text_line_height=&#8221;1.8em&#8221; header_2_font_size=&#8221;31px&#8221; custom_margin=&#8221;-18px|||||&#8221; custom_padding=&#8221;||4px|||&#8221; text_font_size_tablet=&#8221;15px&#8221; text_font_size_phone=&#8221;14px&#8221; text_font_size_last_edited=&#8221;on|desktop&#8221; locked=&#8221;off&#8221; global_colors_info=&#8221;%91%93&#8243;]<\/p>\n<h2><b>Medidas de seguridad<\/b><b>[\/et_pb_text][et_pb_text _builder_version=&#8221;4.27.4&#8243; _module_preset=&#8221;default&#8221; text_font=&#8221;Roboto||||||||&#8221; text_text_color=&#8221;#353535&#8243; text_font_size=&#8221;18px&#8221; text_line_height=&#8221;1.8em&#8221; custom_margin=&#8221;-18px|||||&#8221; custom_padding=&#8221;||66px|||&#8221; text_font_size_tablet=&#8221;15px&#8221; text_font_size_phone=&#8221;14px&#8221; text_font_size_last_edited=&#8221;on|desktop&#8221; locked=&#8221;off&#8221; global_colors_info=&#8221;%91%93&#8243;]<\/p>\n<p>Los datos personales comunicados por el usuario a Scholars Alcove. pueden ser almacenados ficheros, cuya responsabilidad corresponde en exclusiva a Scholars Alcove asumiendo esta todas las medidas de \u00edndole t\u00e9cnica, organizativa y de seguridad que garantizan la confidencialidad, integridad y calidad de la informaci\u00f3n contenida en las mismas de acuerdo con lo establecido en la normativa vigente en protecci\u00f3n de datos.<\/p>\n<p>Scholars Alcove utiliza un canal seguro y los datos transmitidos son cifrados gracias a protocolos a https, por tanto, garantizamos las mejores condiciones de seguridad para que la confidencialidad de los usuarios est\u00e9 garantizada.<\/p>\n<p>[\/et_pb_text][\/et_pb_column][\/et_pb_row][\/et_pb_section]<\/p>","protected":false},"excerpt":{"rendered":"<p><div class=\"et_pb_with_border et_pb_module dsm_text_notation dsm_text_notation_0  et_pb_bg_layout_light\">\n\t\t\t\t\n\t\t\t\t\n\t\t\t\t\n\t\t\t\t\n\t\t\t\t\n\t\t\t\t\n\t\t\t\t<div class=\"et_pb_module_inner\">\n\t\t\t\t\t<h1 class=\"dsm-text-notation-main et_pb_module_header\"><span class=\"dsm-text-notation-before\">Aviso <\/span><span data-notation=\"[{&quot;type&quot;:&quot;underline&quot;,&quot;color&quot;:&quot;#1EAF5C&quot;,&quot;stroke-width&quot;:&quot;2&quot;,&quot;iterations&quot;:&quot;4&quot;,&quot;brackets&quot;:&quot;left|right&quot;,&quot;viewport&quot;:&quot;80%&quot;,&quot;delay&quot;:&quot;0ms&quot;,&quot;divi-animate&quot;:&quot;none&quot;,&quot;divi-animate-duration&quot;:&quot;1000ms&quot;,&quot;divi-animate-delay&quot;:&quot;0ms&quot;}]\" class=\"dsm-text-notation-middle\">Legal<\/span><\/h1>\n\t\t\t\t<\/div>\n\t\t\t<\/div>Bienvenido a este espacio. Como usuario, es importante que conozcas estos t\u00e9rminos antes de continuar navegando.Scholars Alcove como responsable de esta p\u00e1gina web, se compromete a procesar la informaci\u00f3n de nuestros usuarios y clientes con [&hellip;]<\/p>","protected":false},"author":1,"featured_media":0,"parent":0,"menu_order":0,"comment_status":"closed","ping_status":"closed","template":"","meta":{"_et_pb_use_builder":"on","_et_pb_old_content":"","_et_gb_content_width":"","_joinchat":[],"footnotes":""},"class_list":["post-277952","page","type-page","status-publish","hentry"],"yoast_head":"<!-- This site is optimized with the Yoast SEO plugin v26.1.1 - https:\/\/yoast.com\/wordpress\/plugins\/seo\/ -->\n<title>Aviso Legal - Tutor&iacute;a de Biolog&iacute;a con expertos de Oxford y Cambridge<\/title>\n<meta name=\"description\" content=\"Consulta el aviso legal de Cuarteto Animus con toda la informaci\u00f3n legal sobre titularidad, derechos, responsabilidad y protecci\u00f3n de datos. Cumplimos con la normativa vigente en Espa\u00f1a.\" \/>\n<meta name=\"robots\" content=\"index, follow, max-snippet:-1, max-image-preview:large, max-video-preview:-1\" \/>\n<link rel=\"canonical\" href=\"https:\/\/scholarsalcove.com\/es\/aviso-legal\/\" \/>\n<meta property=\"og:locale\" content=\"es_ES\" \/>\n<meta property=\"og:type\" content=\"article\" \/>\n<meta property=\"og:title\" content=\"Aviso Legal - Tutor&iacute;a de Biolog&iacute;a con expertos de Oxford y Cambridge\" \/>\n<meta property=\"og:description\" content=\"Consulta el aviso legal de Cuarteto Animus con toda la informaci\u00f3n legal sobre titularidad, derechos, responsabilidad y protecci\u00f3n de datos. Cumplimos con la normativa vigente en Espa\u00f1a.\" \/>\n<meta property=\"og:url\" content=\"https:\/\/scholarsalcove.com\/es\/aviso-legal\/\" \/>\n<meta property=\"og:site_name\" content=\"Tutor&iacute;a de Biolog&iacute;a con expertos de Oxford y Cambridge\" \/>\n<meta property=\"article:modified_time\" content=\"2025-08-24T13:59:44+00:00\" \/>\n<meta name=\"twitter:card\" content=\"summary_large_image\" \/>\n<meta name=\"twitter:label1\" content=\"Tiempo de lectura\" \/>\n\t<meta name=\"twitter:data1\" content=\"5 minutos\" \/>\n<script type=\"application\/ld+json\" class=\"yoast-schema-graph\">{\"@context\":\"https:\/\/schema.org\",\"@graph\":[{\"@type\":\"WebPage\",\"@id\":\"https:\/\/scholarsalcove.com\/aviso-legal\/\",\"url\":\"https:\/\/scholarsalcove.com\/aviso-legal\/\",\"name\":\"Aviso Legal - Tutor&iacute;a de Biolog&iacute;a con expertos de Oxford y Cambridge\",\"isPartOf\":{\"@id\":\"https:\/\/scholarsalcove.com\/#website\"},\"datePublished\":\"2024-03-06T13:31:17+00:00\",\"dateModified\":\"2025-08-24T13:59:44+00:00\",\"description\":\"Consulta el aviso legal de Cuarteto Animus con toda la informaci\u00f3n legal sobre titularidad, derechos, responsabilidad y protecci\u00f3n de datos. Cumplimos con la normativa vigente en Espa\u00f1a.\",\"breadcrumb\":{\"@id\":\"https:\/\/scholarsalcove.com\/aviso-legal\/#breadcrumb\"},\"inLanguage\":\"es\",\"potentialAction\":[{\"@type\":\"ReadAction\",\"target\":[\"https:\/\/scholarsalcove.com\/aviso-legal\/\"]}]},{\"@type\":\"BreadcrumbList\",\"@id\":\"https:\/\/scholarsalcove.com\/aviso-legal\/#breadcrumb\",\"itemListElement\":[{\"@type\":\"ListItem\",\"position\":1,\"name\":\"Portada\",\"item\":\"https:\/\/scholarsalcove.com\/\"},{\"@type\":\"ListItem\",\"position\":2,\"name\":\"Aviso Legal\"}]},{\"@type\":\"WebSite\",\"@id\":\"https:\/\/scholarsalcove.com\/#website\",\"url\":\"https:\/\/scholarsalcove.com\/\",\"name\":\"Cuarteto Animus\",\"description\":\"Clases online personalizadas para A-level, AP y nivel universitario. Aprende biolog&iacute;a con tutores con doctorado de Oxford y Cambridge.\",\"publisher\":{\"@id\":\"https:\/\/scholarsalcove.com\/#organization\"},\"potentialAction\":[{\"@type\":\"SearchAction\",\"target\":{\"@type\":\"EntryPoint\",\"urlTemplate\":\"https:\/\/scholarsalcove.com\/?s={search_term_string}\"},\"query-input\":{\"@type\":\"PropertyValueSpecification\",\"valueRequired\":true,\"valueName\":\"search_term_string\"}}],\"inLanguage\":\"es\"},{\"@type\":\"Organization\",\"@id\":\"https:\/\/scholarsalcove.com\/#organization\",\"name\":\"Cuarteto Animus\",\"url\":\"https:\/\/scholarsalcove.com\/\",\"logo\":{\"@type\":\"ImageObject\",\"inLanguage\":\"es\",\"@id\":\"https:\/\/scholarsalcove.com\/#\/schema\/logo\/image\/\",\"url\":\"https:\/\/scholarsalcove.com\/wp-content\/uploads\/2025\/04\/imagotipo-cuarteto-animus-logo.webp\",\"contentUrl\":\"https:\/\/scholarsalcove.com\/wp-content\/uploads\/2025\/04\/imagotipo-cuarteto-animus-logo.webp\",\"width\":784,\"height\":374,\"caption\":\"Cuarteto Animus\"},\"image\":{\"@id\":\"https:\/\/scholarsalcove.com\/#\/schema\/logo\/image\/\"},\"sameAs\":[\"https:\/\/www.instagram.com\/cuarteto.animus\/\"]}]}<\/script>\n<!-- \/ Yoast SEO plugin. -->","yoast_head_json":{"title":"Aviso Legal - Tutor&iacute;a de Biolog&iacute;a con expertos de Oxford y Cambridge","description":"Consulta el aviso legal de Cuarteto Animus con toda la informaci\u00f3n legal sobre titularidad, derechos, responsabilidad y protecci\u00f3n de datos. Cumplimos con la normativa vigente en Espa\u00f1a.","robots":{"index":"index","follow":"follow","max-snippet":"max-snippet:-1","max-image-preview":"max-image-preview:large","max-video-preview":"max-video-preview:-1"},"canonical":"https:\/\/scholarsalcove.com\/es\/aviso-legal\/","og_locale":"es_ES","og_type":"article","og_title":"Aviso Legal - Tutor&iacute;a de Biolog&iacute;a con expertos de Oxford y Cambridge","og_description":"Consulta el aviso legal de Cuarteto Animus con toda la informaci\u00f3n legal sobre titularidad, derechos, responsabilidad y protecci\u00f3n de datos. Cumplimos con la normativa vigente en Espa\u00f1a.","og_url":"https:\/\/scholarsalcove.com\/es\/aviso-legal\/","og_site_name":"Tutor&iacute;a de Biolog&iacute;a con expertos de Oxford y Cambridge","article_modified_time":"2025-08-24T13:59:44+00:00","twitter_card":"summary_large_image","twitter_misc":{"Tiempo de lectura":"5 minutos"},"schema":{"@context":"https:\/\/schema.org","@graph":[{"@type":"WebPage","@id":"https:\/\/scholarsalcove.com\/aviso-legal\/","url":"https:\/\/scholarsalcove.com\/aviso-legal\/","name":"Aviso Legal - Tutor&iacute;a de Biolog&iacute;a con expertos de Oxford y Cambridge","isPartOf":{"@id":"https:\/\/scholarsalcove.com\/#website"},"datePublished":"2024-03-06T13:31:17+00:00","dateModified":"2025-08-24T13:59:44+00:00","description":"Consulta el aviso legal de Cuarteto Animus con toda la informaci\u00f3n legal sobre titularidad, derechos, responsabilidad y protecci\u00f3n de datos. Cumplimos con la normativa vigente en Espa\u00f1a.","breadcrumb":{"@id":"https:\/\/scholarsalcove.com\/aviso-legal\/#breadcrumb"},"inLanguage":"es","potentialAction":[{"@type":"ReadAction","target":["https:\/\/scholarsalcove.com\/aviso-legal\/"]}]},{"@type":"BreadcrumbList","@id":"https:\/\/scholarsalcove.com\/aviso-legal\/#breadcrumb","itemListElement":[{"@type":"ListItem","position":1,"name":"Portada","item":"https:\/\/scholarsalcove.com\/"},{"@type":"ListItem","position":2,"name":"Aviso Legal"}]},{"@type":"WebSite","@id":"https:\/\/scholarsalcove.com\/#website","url":"https:\/\/scholarsalcove.com\/","name":"Cuarteto Animus","description":"Clases online personalizadas para A-level, AP y nivel universitario. Aprende biolog&iacute;a con tutores con doctorado de Oxford y Cambridge.","publisher":{"@id":"https:\/\/scholarsalcove.com\/#organization"},"potentialAction":[{"@type":"SearchAction","target":{"@type":"EntryPoint","urlTemplate":"https:\/\/scholarsalcove.com\/?s={search_term_string}"},"query-input":{"@type":"PropertyValueSpecification","valueRequired":true,"valueName":"search_term_string"}}],"inLanguage":"es"},{"@type":"Organization","@id":"https:\/\/scholarsalcove.com\/#organization","name":"Cuarteto Animus","url":"https:\/\/scholarsalcove.com\/","logo":{"@type":"ImageObject","inLanguage":"es","@id":"https:\/\/scholarsalcove.com\/#\/schema\/logo\/image\/","url":"https:\/\/scholarsalcove.com\/wp-content\/uploads\/2025\/04\/imagotipo-cuarteto-animus-logo.webp","contentUrl":"https:\/\/scholarsalcove.com\/wp-content\/uploads\/2025\/04\/imagotipo-cuarteto-animus-logo.webp","width":784,"height":374,"caption":"Cuarteto Animus"},"image":{"@id":"https:\/\/scholarsalcove.com\/#\/schema\/logo\/image\/"},"sameAs":["https:\/\/www.instagram.com\/cuarteto.animus\/"]}]}},"_links":{"self":[{"href":"https:\/\/scholarsalcove.com\/es\/wp-json\/wp\/v2\/pages\/277952","targetHints":{"allow":["GET"]}}],"collection":[{"href":"https:\/\/scholarsalcove.com\/es\/wp-json\/wp\/v2\/pages"}],"about":[{"href":"https:\/\/scholarsalcove.com\/es\/wp-json\/wp\/v2\/types\/page"}],"author":[{"embeddable":true,"href":"https:\/\/scholarsalcove.com\/es\/wp-json\/wp\/v2\/users\/1"}],"replies":[{"embeddable":true,"href":"https:\/\/scholarsalcove.com\/es\/wp-json\/wp\/v2\/comments?post=277952"}],"version-history":[{"count":16,"href":"https:\/\/scholarsalcove.com\/es\/wp-json\/wp\/v2\/pages\/277952\/revisions"}],"predecessor-version":[{"id":278789,"href":"https:\/\/scholarsalcove.com\/es\/wp-json\/wp\/v2\/pages\/277952\/revisions\/278789"}],"wp:attachment":[{"href":"https:\/\/scholarsalcove.com\/es\/wp-json\/wp\/v2\/media?parent=277952"}],"curies":[{"name":"wp","href":"https:\/\/api.w.org\/{rel}","templated":true}]}}