{"id":278706,"date":"2025-06-03T13:00:26","date_gmt":"2025-06-03T13:00:26","guid":{"rendered":"https:\/\/scholarsalcove.com\/?page_id=278706"},"modified":"2025-10-08T11:22:13","modified_gmt":"2025-10-08T11:22:13","slug":"declaracion-de-accesibilidad","status":"publish","type":"page","link":"https:\/\/scholarsalcove.com\/es\/declaracion-de-accesibilidad\/","title":{"rendered":"Declaraci\u00f3n de Accesibilidad"},"content":{"rendered":"<p>[et_pb_section fb_built=&#8221;1&#8243; _builder_version=&#8221;4.27.4&#8243; _module_preset=&#8221;default&#8221; background_color=&#8221;#1864D3&#8243; custom_padding=&#8221;0px||0px||true|false&#8221; saved_tabs=&#8221;all&#8221; locked=&#8221;off&#8221; global_colors_info=&#8221;{}&#8221;][et_pb_row _builder_version=&#8221;4.24.0&#8243; _module_preset=&#8221;default&#8221; custom_padding=&#8221;95px|||||&#8221; global_colors_info=&#8221;{}&#8221;][et_pb_column type=&#8221;4_4&#8243; _builder_version=&#8221;4.24.0&#8243; _module_preset=&#8221;default&#8221; global_colors_info=&#8221;{}&#8221;][dsm_text_notation before_text=&#8221;Declaraci\u00f3n de &#8221; notation_text=&#8221; Accesibilidad&#8221; notation_color=&#8221;#1EAF5C&#8221; notation_width=&#8221;2&#8243; notation_iterations=&#8221;4&#8243; notation_padding=&#8221;||7px||false|false&#8221; _builder_version=&#8221;4.27.4&#8243; _module_preset=&#8221;default&#8221; header_font=&#8221;Libre Franklin|600|||||||&#8221; header_text_color=&#8221;#353535&#8243; header_font_size=&#8221;45px&#8221; before_text_color=&#8221;#FFFFFF&#8221; notation_font=&#8221;|700|||||||&#8221; notation_text_color=&#8221;#1EAF5C&#8221; custom_margin=&#8221;||43px||false|false&#8221; border_color_all_before=&#8221;#04CBF6&#8243; global_colors_info=&#8221;{}&#8221;][\/dsm_text_notation][et_pb_text _builder_version=&#8221;4.27.4&#8243; _module_preset=&#8221;default&#8221; text_font=&#8221;Roboto||||||||&#8221; text_text_color=&#8221;#FFFFFF&#8221; text_font_size=&#8221;18px&#8221; text_line_height=&#8221;1.8em&#8221; custom_margin=&#8221;-18px||-28px|||&#8221; custom_padding=&#8221;6px||66px|||&#8221; text_font_size_tablet=&#8221;15px&#8221; text_font_size_phone=&#8221;14px&#8221; text_font_size_last_edited=&#8221;on|desktop&#8221; locked=&#8221;off&#8221; global_colors_info=&#8221;{}&#8221;]<\/p>\n<p>Bienvenido a la Pol\u00edtica de Cookies de Scholars Alcove. En nuestra b\u00fasqueda constante de ofrecer la mejor experiencia digital posible, es fundamental para nosotros garantizar la transparencia en el tratamiento de la informaci\u00f3n. A continuaci\u00f3n, te proporcionamos detalles sobre c\u00f3mo utilizamos las cookies en nuestro sitio web.<\/p>\n<p>[\/et_pb_text][\/et_pb_column][\/et_pb_row][\/et_pb_section][et_pb_section fb_built=&#8221;1&#8243; _builder_version=&#8221;4.24.0&#8243; _module_preset=&#8221;default&#8221; background_color=&#8221;#FFFFFF&#8221; custom_padding=&#8221;0px||0px||true|false&#8221; saved_tabs=&#8221;all&#8221; locked=&#8221;off&#8221; global_colors_info=&#8221;{}&#8221;][et_pb_row custom_padding_last_edited=&#8221;on|phone&#8221; _builder_version=&#8221;4.23.1&#8243; _module_preset=&#8221;default&#8221; background_color=&#8221;#FFFFFF&#8221; custom_margin=&#8221;||||false|false&#8221; custom_margin_tablet=&#8221;-20%||||false|false&#8221; custom_margin_phone=&#8221;-30%||||false|false&#8221; custom_margin_last_edited=&#8221;off|desktop&#8221; custom_padding=&#8221;40px|40px|40px|40px|true|true&#8221; custom_padding_tablet=&#8221;40px|30px|40px|30px|true|true&#8221; custom_padding_phone=&#8221;|20px||20px|true|true&#8221; global_colors_info=&#8221;{}&#8221;][et_pb_column type=&#8221;4_4&#8243; _builder_version=&#8221;4.16&#8243; _module_preset=&#8221;default&#8221; z_index=&#8221;12&#8243; custom_padding_tablet=&#8221;15px|30px|15px|30px|true|true&#8221; custom_padding_phone=&#8221;10px|30px|10px|30px|true|true&#8221; custom_padding_last_edited=&#8221;off|desktop&#8221; global_colors_info=&#8221;{}&#8221;][et_pb_text _builder_version=&#8221;4.27.4&#8243; _module_preset=&#8221;default&#8221; text_font=&#8221;Roboto||||||||&#8221; text_text_color=&#8221;#353535&#8243; text_font_size=&#8221;21px&#8221; text_line_height=&#8221;1.8em&#8221; header_2_font_size=&#8221;31px&#8221; custom_margin=&#8221;54px|||||&#8221; custom_padding=&#8221;||4px|||&#8221; text_font_size_tablet=&#8221;15px&#8221; text_font_size_phone=&#8221;14px&#8221; text_font_size_last_edited=&#8221;on|desktop&#8221; locked=&#8221;off&#8221; global_colors_info=&#8221;{}&#8221;]<\/p>\n<h2>Pol\u00edtica de accesibilidad<\/h2>\n<p>[\/et_pb_text][et_pb_text _builder_version=&#8221;4.27.4&#8243; _module_preset=&#8221;default&#8221; text_font=&#8221;Roboto||||||||&#8221; text_text_color=&#8221;#353535&#8243; text_font_size=&#8221;18px&#8221; text_line_height=&#8221;1.8em&#8221; custom_margin=&#8221;-18px|||||&#8221; custom_padding=&#8221;||66px|||&#8221; hover_enabled=&#8221;0&#8243; text_font_size_tablet=&#8221;15px&#8221; text_font_size_phone=&#8221;14px&#8221; text_font_size_last_edited=&#8221;on|desktop&#8221; locked=&#8221;off&#8221; global_colors_info=&#8221;{}&#8221; sticky_enabled=&#8221;0&#8243;]<\/p>\n<p>La empresa REBECA R. FIGUEROA (Scholars Alcove) se ha comprometido a hacer accesible su sitio web de conformidad con el Real Decreto 1112\/2018, de 7 de septiembre, sobre accesibilidad de los sitios web y aplicaciones para dispositivos m\u00f3viles del sector p\u00fablico, o desarrollos financiados desde Europa.<br \/>La presente declaraci\u00f3n de accesibilidad se aplica al sitio web https:\/\/scholarsalcove.com\/ excluyendo los contenidos incrustados provenientes de otros dominios.<\/p>\n<p><strong>Situaci\u00f3n de cumplimiento<\/strong><\/p>\n<p>Este sitio web es Parcialmente conforme con el RD 1112\/2018 debido a la falta de conformidad de los aspectos que se indican a continuaci\u00f3n.<\/p>\n<p>[\/et_pb_text][et_pb_text _builder_version=&#8221;4.27.4&#8243; _module_preset=&#8221;default&#8221; text_font=&#8221;Roboto||||||||&#8221; text_text_color=&#8221;#353535&#8243; text_font_size=&#8221;21px&#8221; text_line_height=&#8221;1.8em&#8221; header_2_font_size=&#8221;31px&#8221; custom_margin=&#8221;-18px|||||&#8221; custom_padding=&#8221;||4px|||&#8221; text_font_size_tablet=&#8221;15px&#8221; text_font_size_phone=&#8221;14px&#8221; text_font_size_last_edited=&#8221;on|desktop&#8221; locked=&#8221;off&#8221; global_colors_info=&#8221;{}&#8221;]<\/p>\n<h2>Contenido no accesible<\/h2>\n<p>[\/et_pb_text][et_pb_text _builder_version=&#8221;4.27.4&#8243; _module_preset=&#8221;default&#8221; text_font=&#8221;Roboto||||||||&#8221; text_text_color=&#8221;#353535&#8243; text_font_size=&#8221;18px&#8221; text_line_height=&#8221;1.8em&#8221; custom_margin=&#8221;-18px|||||&#8221; custom_padding=&#8221;||66px|||&#8221; text_font_size_tablet=&#8221;15px&#8221; text_font_size_phone=&#8221;14px&#8221; text_font_size_last_edited=&#8221;on|desktop&#8221; locked=&#8221;off&#8221; global_colors_info=&#8221;{}&#8221;]El contenido que se recoge a continuaci\u00f3n no es accesible por los siguientes motivos:<\/p>\n<p>Falta de conformidad:<\/p>\n<p>Pueden existir algunas im\u00e1genes cuya alternativa no est\u00e9 implementada o no sea correcta \u2013 \u2013 Requisito 9.1.1.1 Contenido no textual UNE-EN 301549:2022En los formularios, puede haber campos que no se hayan facilitado su rellenado a trav\u00e9s de sistemas autom\u00e1ticos \u2013 Requisito 9.1.3.5 Identificar el prop\u00f3sito de la entrada UNE-EN 301549:2022Podr\u00edan existir fallos puntuales de edici\u00f3n en alguna p\u00e1gina web.Carga desproporcionada: No resulta aplicable.El contenido no entra dentro del \u00e1mbito de la legislaci\u00f3n aplicable.<\/p>\n<p>Podr\u00edan existir archivos ofim\u00e1ticos en PDF u otros formatos publicados antes del 20 de septiembre de 2018 que no cumplan en su totalidad todos los requisitos de accesibilidad. Puede haber contenidos de terceros que no est\u00e9n desarrollados en esta Unidad, ni bajo su control, como archivos ofim\u00e1ticos de diferentes organismos que deban publicarse en este sitio.[\/et_pb_text][et_pb_text _builder_version=&#8221;4.27.4&#8243; _module_preset=&#8221;default&#8221; text_font=&#8221;Roboto||||||||&#8221; text_text_color=&#8221;#353535&#8243; text_font_size=&#8221;21px&#8221; text_line_height=&#8221;1.8em&#8221; header_2_font_size=&#8221;31px&#8221; custom_margin=&#8221;-18px|||||&#8221; custom_padding=&#8221;||4px|||&#8221; text_font_size_tablet=&#8221;15px&#8221; text_font_size_phone=&#8221;14px&#8221; text_font_size_last_edited=&#8221;on|desktop&#8221; locked=&#8221;off&#8221; global_colors_info=&#8221;{}&#8221;]<\/p>\n<h2>Observaciones y datos de contacto<br \/>\n<\/h2>\n<p>[\/et_pb_text][et_pb_text _builder_version=&#8221;4.27.4&#8243; _module_preset=&#8221;default&#8221; text_font=&#8221;Roboto||||||||&#8221; text_text_color=&#8221;#353535&#8243; text_font_size=&#8221;18px&#8221; text_line_height=&#8221;1.8em&#8221; custom_margin=&#8221;-18px|||||&#8221; custom_padding=&#8221;||66px|||&#8221; text_font_size_tablet=&#8221;15px&#8221; text_font_size_phone=&#8221;14px&#8221; text_font_size_last_edited=&#8221;on|desktop&#8221; locked=&#8221;off&#8221; global_colors_info=&#8221;{}&#8221;]Puede realizar comunicaciones sobre requisitos de accesibilidad [art\u00edculo 10.2.a) del RD 1112\/2018] como, por ejemplo:<\/p>\n<p>Informar sobre cualquier posible incumplimiento por parte de este sitio web. Transmitir otras dificultades de acceso al contenido. Formular cualquier otra consulta o sugerencia de mejora relativa a la accesibilidad del sitio web a trav\u00e9s del siguiente <a href=\"https:\/\/scholarsalcove.com\/es\/#formulario\">formulario de contacto<\/a> o llamando al tel\u00e9fono (+34) 623 44 30 87 de 9 a 14 horas de lunes a viernes.<\/p>\n<p>Puede presentar:<br \/>\nUna queja relativa al cumplimiento de los requisitos del RD 1112\/2018Una solicitud de informaci\u00f3n accesible relativa a:Contenidos que est\u00e1n excluidos del \u00e1mbito de aplicaci\u00f3n del RD 1112\/2018 seg\u00fan lo establecido por el art\u00edculo 3, apartado 4.Contenidos que est\u00e1n exentos del cumplimiento de los requisitos de accesibilidad por imponer una carga desproporcionada.<\/p>\n<p>En la solicitud de informaci\u00f3n accesible, se debe concretar, con toda claridad, los hechos, razones y petici\u00f3n que permitan constatar que se trata de una solicitud razonable y leg\u00edtima.[\/et_pb_text][et_pb_text _builder_version=&#8221;4.27.4&#8243; _module_preset=&#8221;default&#8221; text_font=&#8221;Roboto||||||||&#8221; text_text_color=&#8221;#353535&#8243; text_font_size=&#8221;21px&#8221; text_line_height=&#8221;1.8em&#8221; header_2_font_size=&#8221;31px&#8221; custom_margin=&#8221;-18px|||||&#8221; custom_padding=&#8221;||4px|||&#8221; text_font_size_tablet=&#8221;15px&#8221; text_font_size_phone=&#8221;14px&#8221; text_font_size_last_edited=&#8221;on|desktop&#8221; locked=&#8221;off&#8221; global_colors_info=&#8221;{}&#8221;]<\/p>\n<h2>Contenido opcional<br \/>\n<\/h2>\n<p>[\/et_pb_text][et_pb_text _builder_version=&#8221;4.27.4&#8243; _module_preset=&#8221;default&#8221; text_font=&#8221;Roboto||||||||&#8221; text_text_color=&#8221;#353535&#8243; text_font_size=&#8221;18px&#8221; text_line_height=&#8221;1.8em&#8221; custom_margin=&#8221;-18px|||||&#8221; custom_padding=&#8221;||66px|||&#8221; text_font_size_tablet=&#8221;15px&#8221; text_font_size_phone=&#8221;14px&#8221; text_font_size_last_edited=&#8221;on|desktop&#8221; locked=&#8221;off&#8221; global_colors_info=&#8221;{}&#8221;]Esta web esta dise\u00f1ado para poder cambiar el tama\u00f1o del texto y el color, as\u00ed como el fondo de la pagina mediante las opciones de configuraci\u00f3n est\u00e1ndar de los navegadores.<br \/>\nSi desea cambiar el tama\u00f1o de letra del texto en los principales navegadores gr\u00e1ficos utilice los siguientes men\u00fas:<\/p>\n<p>Internet Explorer, Mozilla y Firefox: Ver > Tama\u00f1o del texto<br \/>\nOpera: Ver > Zoom<br \/>\nSafari: Ver > Hacer el texto mas grande<br \/>\nChrome: Controla la pagina actual > Tama\u00f1o del texto<br \/>\nPara modificar el tama\u00f1o de todo en la pagina:<br \/>\nCtrl + + para aumentarlo<br \/>\nCtrl + \u2013 para disminuirlo<br \/>\nCtrl + 0 restaura el tama\u00f1o original del texto<\/p>\n<p>Las categor\u00edas de datos que se tratan en www.scholarsalcove.com son \u00fanicamente datos identificativos. En ning\u00fan caso, se tratan categor\u00edas especiales de datos personales en el sentido del art\u00edculo 9 del RGPD.[\/et_pb_text][\/et_pb_column][\/et_pb_row][\/et_pb_section]<\/p>","protected":false},"excerpt":{"rendered":"<p><div class=\"et_pb_with_border et_pb_module dsm_text_notation dsm_text_notation_0  et_pb_bg_layout_light\">\n\t\t\t\t\n\t\t\t\t\n\t\t\t\t\n\t\t\t\t\n\t\t\t\t\n\t\t\t\t\n\t\t\t\t<div class=\"et_pb_module_inner\">\n\t\t\t\t\t<h1 class=\"dsm-text-notation-main et_pb_module_header\"><span class=\"dsm-text-notation-before\">Declaraci\u00f3n de <\/span><span data-notation=\"[{&quot;type&quot;:&quot;underline&quot;,&quot;color&quot;:&quot;#1EAF5C&quot;,&quot;stroke-width&quot;:&quot;2&quot;,&quot;iterations&quot;:&quot;4&quot;,&quot;brackets&quot;:&quot;left|right&quot;,&quot;viewport&quot;:&quot;80%&quot;,&quot;delay&quot;:&quot;0ms&quot;,&quot;divi-animate&quot;:&quot;none&quot;,&quot;divi-animate-duration&quot;:&quot;1000ms&quot;,&quot;divi-animate-delay&quot;:&quot;0ms&quot;}]\" class=\"dsm-text-notation-middle\"> Accesibilidad<\/span><\/h1>\n\t\t\t\t<\/div>\n\t\t\t<\/div>Bienvenido a la Pol\u00edtica de Cookies de Scholars Alcove. En nuestra b\u00fasqueda constante de ofrecer la mejor experiencia digital posible, es fundamental para nosotros garantizar la transparencia en el tratamiento de la informaci\u00f3n. A [&hellip;]<\/p>","protected":false},"author":1,"featured_media":0,"parent":0,"menu_order":0,"comment_status":"closed","ping_status":"closed","template":"","meta":{"_et_pb_use_builder":"on","_et_pb_old_content":"","_et_gb_content_width":"","_joinchat":[],"footnotes":""},"class_list":["post-278706","page","type-page","status-publish","hentry"],"yoast_head":"<!-- This site is optimized with the Yoast SEO plugin v26.1.1 - https:\/\/yoast.com\/wordpress\/plugins\/seo\/ -->\n<title>Declaraci\u00f3n de Accesibilidad - Tutor&iacute;a de Biolog&iacute;a con expertos de Oxford y Cambridge<\/title>\n<meta name=\"robots\" content=\"index, follow, max-snippet:-1, max-image-preview:large, max-video-preview:-1\" \/>\n<link rel=\"canonical\" href=\"https:\/\/scholarsalcove.com\/es\/declaracion-de-accesibilidad\/\" \/>\n<meta property=\"og:locale\" content=\"es_ES\" \/>\n<meta property=\"og:type\" content=\"article\" \/>\n<meta property=\"og:title\" content=\"Declaraci\u00f3n de Accesibilidad - Tutor&iacute;a de Biolog&iacute;a con expertos de Oxford y Cambridge\" \/>\n<meta property=\"og:description\" content=\"Bienvenido a la Pol\u00edtica de Cookies de Scholars Alcove. En nuestra b\u00fasqueda constante de ofrecer la mejor experiencia digital posible, es fundamental para nosotros garantizar la transparencia en el tratamiento de la informaci\u00f3n. A [&hellip;]\" \/>\n<meta property=\"og:url\" content=\"https:\/\/scholarsalcove.com\/es\/declaracion-de-accesibilidad\/\" \/>\n<meta property=\"og:site_name\" content=\"Tutor&iacute;a de Biolog&iacute;a con expertos de Oxford y Cambridge\" \/>\n<meta property=\"article:modified_time\" content=\"2025-10-08T11:22:13+00:00\" \/>\n<meta name=\"twitter:card\" content=\"summary_large_image\" \/>\n<script type=\"application\/ld+json\" class=\"yoast-schema-graph\">{\"@context\":\"https:\/\/schema.org\",\"@graph\":[{\"@type\":\"WebPage\",\"@id\":\"https:\/\/scholarsalcove.com\/declaracion-de-accesibilidad\/\",\"url\":\"https:\/\/scholarsalcove.com\/declaracion-de-accesibilidad\/\",\"name\":\"Declaraci\u00f3n de Accesibilidad - Tutor&iacute;a de Biolog&iacute;a con expertos de Oxford y Cambridge\",\"isPartOf\":{\"@id\":\"https:\/\/scholarsalcove.com\/#website\"},\"datePublished\":\"2025-06-03T13:00:26+00:00\",\"dateModified\":\"2025-10-08T11:22:13+00:00\",\"breadcrumb\":{\"@id\":\"https:\/\/scholarsalcove.com\/declaracion-de-accesibilidad\/#breadcrumb\"},\"inLanguage\":\"es\",\"potentialAction\":[{\"@type\":\"ReadAction\",\"target\":[\"https:\/\/scholarsalcove.com\/declaracion-de-accesibilidad\/\"]}]},{\"@type\":\"BreadcrumbList\",\"@id\":\"https:\/\/scholarsalcove.com\/declaracion-de-accesibilidad\/#breadcrumb\",\"itemListElement\":[{\"@type\":\"ListItem\",\"position\":1,\"name\":\"Portada\",\"item\":\"https:\/\/scholarsalcove.com\/\"},{\"@type\":\"ListItem\",\"position\":2,\"name\":\"Declaraci\u00f3n de Accesibilidad\"}]},{\"@type\":\"WebSite\",\"@id\":\"https:\/\/scholarsalcove.com\/#website\",\"url\":\"https:\/\/scholarsalcove.com\/\",\"name\":\"Cuarteto Animus\",\"description\":\"Clases online personalizadas para A-level, AP y nivel universitario. Aprende biolog&iacute;a con tutores con doctorado de Oxford y Cambridge.\",\"publisher\":{\"@id\":\"https:\/\/scholarsalcove.com\/#organization\"},\"potentialAction\":[{\"@type\":\"SearchAction\",\"target\":{\"@type\":\"EntryPoint\",\"urlTemplate\":\"https:\/\/scholarsalcove.com\/?s={search_term_string}\"},\"query-input\":{\"@type\":\"PropertyValueSpecification\",\"valueRequired\":true,\"valueName\":\"search_term_string\"}}],\"inLanguage\":\"es\"},{\"@type\":\"Organization\",\"@id\":\"https:\/\/scholarsalcove.com\/#organization\",\"name\":\"Cuarteto Animus\",\"url\":\"https:\/\/scholarsalcove.com\/\",\"logo\":{\"@type\":\"ImageObject\",\"inLanguage\":\"es\",\"@id\":\"https:\/\/scholarsalcove.com\/#\/schema\/logo\/image\/\",\"url\":\"https:\/\/scholarsalcove.com\/wp-content\/uploads\/2025\/04\/imagotipo-cuarteto-animus-logo.webp\",\"contentUrl\":\"https:\/\/scholarsalcove.com\/wp-content\/uploads\/2025\/04\/imagotipo-cuarteto-animus-logo.webp\",\"width\":784,\"height\":374,\"caption\":\"Cuarteto Animus\"},\"image\":{\"@id\":\"https:\/\/scholarsalcove.com\/#\/schema\/logo\/image\/\"},\"sameAs\":[\"https:\/\/www.instagram.com\/cuarteto.animus\/\"]}]}<\/script>\n<!-- \/ Yoast SEO plugin. -->","yoast_head_json":{"title":"Declaraci\u00f3n de Accesibilidad - Tutor&iacute;a de Biolog&iacute;a con expertos de Oxford y Cambridge","robots":{"index":"index","follow":"follow","max-snippet":"max-snippet:-1","max-image-preview":"max-image-preview:large","max-video-preview":"max-video-preview:-1"},"canonical":"https:\/\/scholarsalcove.com\/es\/declaracion-de-accesibilidad\/","og_locale":"es_ES","og_type":"article","og_title":"Declaraci\u00f3n de Accesibilidad - Tutor&iacute;a de Biolog&iacute;a con expertos de Oxford y Cambridge","og_description":"Bienvenido a la Pol\u00edtica de Cookies de Scholars Alcove. En nuestra b\u00fasqueda constante de ofrecer la mejor experiencia digital posible, es fundamental para nosotros garantizar la transparencia en el tratamiento de la informaci\u00f3n. A [&hellip;]","og_url":"https:\/\/scholarsalcove.com\/es\/declaracion-de-accesibilidad\/","og_site_name":"Tutor&iacute;a de Biolog&iacute;a con expertos de Oxford y Cambridge","article_modified_time":"2025-10-08T11:22:13+00:00","twitter_card":"summary_large_image","schema":{"@context":"https:\/\/schema.org","@graph":[{"@type":"WebPage","@id":"https:\/\/scholarsalcove.com\/declaracion-de-accesibilidad\/","url":"https:\/\/scholarsalcove.com\/declaracion-de-accesibilidad\/","name":"Declaraci\u00f3n de Accesibilidad - Tutor&iacute;a de Biolog&iacute;a con expertos de Oxford y Cambridge","isPartOf":{"@id":"https:\/\/scholarsalcove.com\/#website"},"datePublished":"2025-06-03T13:00:26+00:00","dateModified":"2025-10-08T11:22:13+00:00","breadcrumb":{"@id":"https:\/\/scholarsalcove.com\/declaracion-de-accesibilidad\/#breadcrumb"},"inLanguage":"es","potentialAction":[{"@type":"ReadAction","target":["https:\/\/scholarsalcove.com\/declaracion-de-accesibilidad\/"]}]},{"@type":"BreadcrumbList","@id":"https:\/\/scholarsalcove.com\/declaracion-de-accesibilidad\/#breadcrumb","itemListElement":[{"@type":"ListItem","position":1,"name":"Portada","item":"https:\/\/scholarsalcove.com\/"},{"@type":"ListItem","position":2,"name":"Declaraci\u00f3n de Accesibilidad"}]},{"@type":"WebSite","@id":"https:\/\/scholarsalcove.com\/#website","url":"https:\/\/scholarsalcove.com\/","name":"Cuarteto Animus","description":"Clases online personalizadas para A-level, AP y nivel universitario. Aprende biolog&iacute;a con tutores con doctorado de Oxford y Cambridge.","publisher":{"@id":"https:\/\/scholarsalcove.com\/#organization"},"potentialAction":[{"@type":"SearchAction","target":{"@type":"EntryPoint","urlTemplate":"https:\/\/scholarsalcove.com\/?s={search_term_string}"},"query-input":{"@type":"PropertyValueSpecification","valueRequired":true,"valueName":"search_term_string"}}],"inLanguage":"es"},{"@type":"Organization","@id":"https:\/\/scholarsalcove.com\/#organization","name":"Cuarteto Animus","url":"https:\/\/scholarsalcove.com\/","logo":{"@type":"ImageObject","inLanguage":"es","@id":"https:\/\/scholarsalcove.com\/#\/schema\/logo\/image\/","url":"https:\/\/scholarsalcove.com\/wp-content\/uploads\/2025\/04\/imagotipo-cuarteto-animus-logo.webp","contentUrl":"https:\/\/scholarsalcove.com\/wp-content\/uploads\/2025\/04\/imagotipo-cuarteto-animus-logo.webp","width":784,"height":374,"caption":"Cuarteto Animus"},"image":{"@id":"https:\/\/scholarsalcove.com\/#\/schema\/logo\/image\/"},"sameAs":["https:\/\/www.instagram.com\/cuarteto.animus\/"]}]}},"_links":{"self":[{"href":"https:\/\/scholarsalcove.com\/es\/wp-json\/wp\/v2\/pages\/278706","targetHints":{"allow":["GET"]}}],"collection":[{"href":"https:\/\/scholarsalcove.com\/es\/wp-json\/wp\/v2\/pages"}],"about":[{"href":"https:\/\/scholarsalcove.com\/es\/wp-json\/wp\/v2\/types\/page"}],"author":[{"embeddable":true,"href":"https:\/\/scholarsalcove.com\/es\/wp-json\/wp\/v2\/users\/1"}],"replies":[{"embeddable":true,"href":"https:\/\/scholarsalcove.com\/es\/wp-json\/wp\/v2\/comments?post=278706"}],"version-history":[{"count":5,"href":"https:\/\/scholarsalcove.com\/es\/wp-json\/wp\/v2\/pages\/278706\/revisions"}],"predecessor-version":[{"id":278793,"href":"https:\/\/scholarsalcove.com\/es\/wp-json\/wp\/v2\/pages\/278706\/revisions\/278793"}],"wp:attachment":[{"href":"https:\/\/scholarsalcove.com\/es\/wp-json\/wp\/v2\/media?parent=278706"}],"curies":[{"name":"wp","href":"https:\/\/api.w.org\/{rel}","templated":true}]}}